{"id":3985,"date":"2020-07-07T04:14:44","date_gmt":"2020-07-07T04:14:44","guid":{"rendered":"http:\/\/wpdemo.archiwp.com\/theratio\/?page_id=3985"},"modified":"2020-07-07T04:14:44","modified_gmt":"2020-07-07T04:14:44","slug":"blog-grid","status":"publish","type":"page","link":"https:\/\/bdbcn2002.com\/ca\/blog-grid\/","title":{"rendered":"Blog Grid"},"content":{"rendered":"<div data-elementor-type=\"wp-page\" data-elementor-id=\"3985\" class=\"elementor elementor-3985\">\n\t\t\t\t\t\t<section class=\"elementor-section elementor-top-section elementor-element elementor-element-3d510d1 elementor-section-boxed elementor-section-height-default elementor-section-height-default\" data-id=\"3d510d1\" data-element_type=\"section\" data-e-type=\"section\">\n\t\t\t\t\t\t<div class=\"elementor-container elementor-column-gap-default\">\n\t\t\t\t\t<div class=\"elementor-column elementor-col-100 elementor-top-column elementor-element elementor-element-a53f8c2 ot-flex-column-vertical\" data-id=\"a53f8c2\" data-element_type=\"column\" data-e-type=\"column\">\n\t\t\t<div class=\"elementor-widget-wrap elementor-element-populated\">\n\t\t\t\t\t\t<div class=\"elementor-element elementor-element-705f2bd elementor-widget elementor-widget-ipost_grid\" data-id=\"705f2bd\" data-element_type=\"widget\" data-e-type=\"widget\" data-widget_type=\"ipost_grid.default\">\n\t\t\t\t<div class=\"elementor-widget-container\">\n\t\t\t\t\t\t\t<div class=\"blog-grid pf_3_cols v-light\">\n        \t \n<article id=\"post-5428\" class=\"post-box masonry-post-item post-5428 post type-post status-publish format-standard has-post-thumbnail hentry category-parasoles\">\n\t<div class=\"post-inner\">\n\t    \n\t        <div class=\"entry-media post-cat-abs\">\n\t            <a href=\"https:\/\/bdbcn2002.com\/ca\/cuando-elegir-un-parasol-un-toldo-o-una-pergola\/\">\n\t                <img fetchpriority=\"high\" decoding=\"async\" width=\"1200\" height=\"859\" src=\"https:\/\/bdbcn2002.com\/wp-content\/uploads\/2023\/04\/parasol-terraza.jpg\" class=\"attachment-post-thumbnail size-post-thumbnail wp-post-image\" alt=\"\" srcset=\"https:\/\/bdbcn2002.com\/wp-content\/uploads\/2023\/04\/parasol-terraza.jpg 1200w, https:\/\/bdbcn2002.com\/wp-content\/uploads\/2023\/04\/parasol-terraza-300x215.jpg 300w, https:\/\/bdbcn2002.com\/wp-content\/uploads\/2023\/04\/parasol-terraza-1024x733.jpg 1024w, https:\/\/bdbcn2002.com\/wp-content\/uploads\/2023\/04\/parasol-terraza-768x550.jpg 768w\" sizes=\"(max-width: 1200px) 100vw, 1200px\" \/>\t            <\/a>\n\t            <div class=\"post-cat\"><div class=\"posted-in\"><a href=\"https:\/\/bdbcn2002.com\/ca\/category\/parasoles\/\" rel=\"category tag\">Para-sols<\/a><\/div><\/div>\t        <\/div>\n\t        \n\t    \n\t    <div class=\"inner-post\">\n\t        <div class=\"entry-header\">\n\n\t            \t            <div class=\"entry-meta\">\n\t            \t<span class=\"posted-on\"><a href=\"https:\/\/bdbcn2002.com\/ca\/cuando-elegir-un-parasol-un-toldo-o-una-pergola\/\" rel=\"bookmark\"><time class=\"entry-date published\" datetime=\"2023-04-06T08:58:55+00:00\">6 d&#039;abril de 2023<\/time><\/a><\/span><span class=\"byline\"><a class=\"url fn n\" href=\"https:\/\/bdbcn2002.com\/ca\/author\/bdbcn\/\">bdbcn<\/a><\/span><span class=\"comment-num\"><a href=\"https:\/\/bdbcn2002.com\/ca\/cuando-elegir-un-parasol-un-toldo-o-una-pergola\/#respond\">0 Comments<\/a><\/span>\t            <\/div><!-- .entry-meta -->\n\t            \n\t            <h4 class=\"entry-title\"><a class=\"title-link\" href=\"https:\/\/bdbcn2002.com\/ca\/cuando-elegir-un-parasol-un-toldo-o-una-pergola\/\" rel=\"bookmark\">Quan triar un para-sol un tendal o una p\u00e8rgola?<\/a><\/h4>\n\t        <\/div><!-- .entry-header -->\n\n\t        <div class=\"entry-summary the-excerpt\">\n\n\t            <p>Un para-sol \u00e9s una bona opci\u00f3 quan es busca una soluci\u00f3 m\u00f2bil, econ\u00f2mica i f\u00e0cil d'instal\u00b7lar per proporcionar ombra a \u00e0rees petites o per a situacions temporals. No obstant aix\u00f2, per a \u00e0rees m\u00e9s grans o permanents, un tendal o una p\u00e8rgola poden ser una millor opci\u00f3.<\/p>\n\n\t        <\/div><!-- .entry-content -->\n\t        <div class=\"entry-footer\">\n\t        \t<a href=\"https:\/\/bdbcn2002.com\/ca\/cuando-elegir-un-parasol-un-toldo-o-una-pergola\/\" class=\"btn-details\"> LLEGIR M\u00c9S<\/a>\t        <\/div>\n\t    <\/div>\n\t<\/div>\n<\/article> \n<article id=\"post-1\" class=\"post-box masonry-post-item post-1 post type-post status-publish format-standard has-post-thumbnail hentry category-pergolas\">\n\t<div class=\"post-inner\">\n\t    \n\t        <div class=\"entry-media post-cat-abs\">\n\t            <a href=\"https:\/\/bdbcn2002.com\/ca\/hola-mundo\/\">\n\t                <img decoding=\"async\" width=\"866\" height=\"650\" src=\"https:\/\/bdbcn2002.com\/wp-content\/uploads\/2023\/04\/toldos-correderos_toldosbcn2002.webp\" class=\"attachment-post-thumbnail size-post-thumbnail wp-post-image\" alt=\"\" srcset=\"https:\/\/bdbcn2002.com\/wp-content\/uploads\/2023\/04\/toldos-correderos_toldosbcn2002.webp 866w, https:\/\/bdbcn2002.com\/wp-content\/uploads\/2023\/04\/toldos-correderos_toldosbcn2002-300x225.webp 300w, https:\/\/bdbcn2002.com\/wp-content\/uploads\/2023\/04\/toldos-correderos_toldosbcn2002-768x576.webp 768w\" sizes=\"(max-width: 866px) 100vw, 866px\" \/>\t            <\/a>\n\t            <div class=\"post-cat\"><div class=\"posted-in\"><a href=\"https:\/\/bdbcn2002.com\/ca\/category\/pergolas\/\" rel=\"category tag\">P\u00e8rgoles<\/a><\/div><\/div>\t        <\/div>\n\t        \n\t    \n\t    <div class=\"inner-post\">\n\t        <div class=\"entry-header\">\n\n\t            \t            <div class=\"entry-meta\">\n\t            \t<span class=\"posted-on\"><a href=\"https:\/\/bdbcn2002.com\/ca\/hola-mundo\/\" rel=\"bookmark\"><time class=\"entry-date published\" datetime=\"2023-01-16T09:32:25+00:00\">16 de gener de 2023<\/time><\/a><\/span><span class=\"byline\"><a class=\"url fn n\" href=\"https:\/\/bdbcn2002.com\/ca\/author\/bdbcn\/\">bdbcn<\/a><\/span><span class=\"comment-num\"><a href=\"https:\/\/bdbcn2002.com\/ca\/hola-mundo\/#respond\">0 Comments<\/a><\/span>\t            <\/div><!-- .entry-meta -->\n\t            \n\t            <h4 class=\"entry-title\"><a class=\"title-link\" href=\"https:\/\/bdbcn2002.com\/ca\/hola-mundo\/\" rel=\"bookmark\">Quina difer\u00e8ncia hi ha entre p\u00e8rgola i tendal?<\/a><\/h4>\n\t        <\/div><!-- .entry-header -->\n\n\t        <div class=\"entry-summary the-excerpt\">\n\n\t            <p>Encara que les p\u00e8rgoles i els tendals s\u00f3n tots dos utilitzats per proporcionar ombra i privadesa en un espai a l'aire lliure, hi ha algunes difer\u00e8ncies clau entre ells. Vegem-ho.<\/p>\n\n\t        <\/div><!-- .entry-content -->\n\t        <div class=\"entry-footer\">\n\t        \t<a href=\"https:\/\/bdbcn2002.com\/ca\/hola-mundo\/\" class=\"btn-details\"> LLEGIR M\u00c9S<\/a>\t        <\/div>\n\t    <\/div>\n\t<\/div>\n<\/article> \n<article id=\"post-102\" class=\"post-box masonry-post-item post-102 post type-post status-publish format-standard has-post-thumbnail hentry category-pergolas tag-exterior tag-interior\">\n\t<div class=\"post-inner\">\n\t    \n\t        <div class=\"entry-media post-cat-abs\">\n\t            <a href=\"https:\/\/bdbcn2002.com\/ca\/top-10-tips-for-your-kitchen-interior-design\/\">\n\t                <img decoding=\"async\" width=\"1080\" height=\"1080\" src=\"https:\/\/bdbcn2002.com\/wp-content\/uploads\/2020\/03\/PERGOLA-TECNICA.webp\" class=\"attachment-post-thumbnail size-post-thumbnail wp-post-image\" alt=\"\" srcset=\"https:\/\/bdbcn2002.com\/wp-content\/uploads\/2020\/03\/PERGOLA-TECNICA.webp 1080w, https:\/\/bdbcn2002.com\/wp-content\/uploads\/2020\/03\/PERGOLA-TECNICA-300x300.webp 300w, https:\/\/bdbcn2002.com\/wp-content\/uploads\/2020\/03\/PERGOLA-TECNICA-1024x1024.webp 1024w, https:\/\/bdbcn2002.com\/wp-content\/uploads\/2020\/03\/PERGOLA-TECNICA-150x150.webp 150w, https:\/\/bdbcn2002.com\/wp-content\/uploads\/2020\/03\/PERGOLA-TECNICA-768x768.webp 768w, https:\/\/bdbcn2002.com\/wp-content\/uploads\/2020\/03\/PERGOLA-TECNICA-720x720.webp 720w\" sizes=\"(max-width: 1080px) 100vw, 1080px\" \/>\t            <\/a>\n\t            <div class=\"post-cat\"><div class=\"posted-in\"><a href=\"https:\/\/bdbcn2002.com\/ca\/category\/pergolas\/\" rel=\"category tag\">P\u00e8rgoles<\/a><\/div><\/div>\t        <\/div>\n\t        \n\t    \n\t    <div class=\"inner-post\">\n\t        <div class=\"entry-header\">\n\n\t            \t            <div class=\"entry-meta\">\n\t            \t<span class=\"posted-on\"><a href=\"https:\/\/bdbcn2002.com\/ca\/top-10-tips-for-your-kitchen-interior-design\/\" rel=\"bookmark\"><time class=\"entry-date published\" datetime=\"2020-03-20T03:27:18+00:00\">20 de mar\u00e7 de 2020<\/time><\/a><\/span><span class=\"byline\"><a class=\"url fn n\" href=\"https:\/\/bdbcn2002.com\/ca\/author\/bdbcn\/\">bdbcn<\/a><\/span><span class=\"comment-num\"><a href=\"https:\/\/bdbcn2002.com\/ca\/top-10-tips-for-your-kitchen-interior-design\/#respond\">0 Comments<\/a><\/span>\t            <\/div><!-- .entry-meta -->\n\t            \n\t            <h4 class=\"entry-title\"><a class=\"title-link\" href=\"https:\/\/bdbcn2002.com\/ca\/top-10-tips-for-your-kitchen-interior-design\/\" rel=\"bookmark\">Avantatges de la p\u00e8rgoles personalitzades davant de les de tipus est\u00e0ndard.<\/a><\/h4>\n\t        <\/div><!-- .entry-header -->\n\n\t        <div class=\"entry-summary the-excerpt\">\n\n\t            <p>Una p\u00e8rgola personalitzada ofereix m\u00e9s flexibilitat, adaptabilitat i personalitzaci\u00f3 que una de tipus est\u00e0ndard, cosa que permet crear un espai \u00fanic i atractiu que s'adapti perfectament a les necessitats del client. A m\u00e9s, pot augmentar el valor i l'est\u00e8tica de la propietat i proporcionar una soluci\u00f3 duradora i resistent a les inclem\u00e8ncies del temps.<\/p>\n\n\t        <\/div><!-- .entry-content -->\n\t        <div class=\"entry-footer\">\n\t        \t<a href=\"https:\/\/bdbcn2002.com\/ca\/top-10-tips-for-your-kitchen-interior-design\/\" class=\"btn-details\"> LLEGIR M\u00c9S<\/a>\t        <\/div>\n\t    <\/div>\n\t<\/div>\n<\/article> \n<article id=\"post-99\" class=\"post-box masonry-post-item post-99 post type-post status-publish format-standard has-post-thumbnail hentry category-pergolas category-toldos tag-construccion\">\n\t<div class=\"post-inner\">\n\t    \n\t        <div class=\"entry-media post-cat-abs\">\n\t            <a href=\"https:\/\/bdbcn2002.com\/ca\/the-golden-ratio-rule-for-best-2d-sketch\/\">\n\t                <img loading=\"lazy\" decoding=\"async\" width=\"790\" height=\"510\" src=\"https:\/\/bdbcn2002.com\/wp-content\/uploads\/2020\/03\/post9.jpg\" class=\"attachment-post-thumbnail size-post-thumbnail wp-post-image\" alt=\"\" srcset=\"https:\/\/bdbcn2002.com\/wp-content\/uploads\/2020\/03\/post9.jpg 790w, https:\/\/bdbcn2002.com\/wp-content\/uploads\/2020\/03\/post9-300x194.jpg 300w, https:\/\/bdbcn2002.com\/wp-content\/uploads\/2020\/03\/post9-768x496.jpg 768w\" sizes=\"(max-width: 790px) 100vw, 790px\" \/>\t            <\/a>\n\t            <div class=\"post-cat\"><div class=\"posted-in\"><a href=\"https:\/\/bdbcn2002.com\/ca\/category\/pergolas\/\" rel=\"category tag\">P\u00e8rgoles<\/a> <a href=\"https:\/\/bdbcn2002.com\/ca\/category\/toldos\/\" rel=\"category tag\">Tendals<\/a><\/div><\/div>\t        <\/div>\n\t        \n\t    \n\t    <div class=\"inner-post\">\n\t        <div class=\"entry-header\">\n\n\t            \t            <div class=\"entry-meta\">\n\t            \t<span class=\"posted-on\"><a href=\"https:\/\/bdbcn2002.com\/ca\/the-golden-ratio-rule-for-best-2d-sketch\/\" rel=\"bookmark\"><time class=\"entry-date published\" datetime=\"2020-03-20T03:26:55+00:00\">20 de mar\u00e7 de 2020<\/time><\/a><\/span><span class=\"byline\"><a class=\"url fn n\" href=\"https:\/\/bdbcn2002.com\/ca\/author\/bdbcn\/\">bdbcn<\/a><\/span><span class=\"comment-num\"><a href=\"https:\/\/bdbcn2002.com\/ca\/the-golden-ratio-rule-for-best-2d-sketch\/#respond\">0 Comments<\/a><\/span>\t            <\/div><!-- .entry-meta -->\n\t            \n\t            <h4 class=\"entry-title\"><a class=\"title-link\" href=\"https:\/\/bdbcn2002.com\/ca\/the-golden-ratio-rule-for-best-2d-sketch\/\" rel=\"bookmark\">L'\u00fas del CAD en el disseny de p\u00e8rgoles i tendals.<\/a><\/h4>\n\t        <\/div><!-- .entry-header -->\n\n\t        <div class=\"entry-summary the-excerpt\">\n\n\t            <p>La projecci\u00f3 CAD, o disseny assistit per ordinador, t\u00e9 diversos avantatges quan s'utilitza en el disseny de p\u00e8rgoles i tendals:<\/p>\n\n\t        <\/div><!-- .entry-content -->\n\t        <div class=\"entry-footer\">\n\t        \t<a href=\"https:\/\/bdbcn2002.com\/ca\/the-golden-ratio-rule-for-best-2d-sketch\/\" class=\"btn-details\"> LLEGIR M\u00c9S<\/a>\t        <\/div>\n\t    <\/div>\n\t<\/div>\n<\/article> \n<article id=\"post-82\" class=\"post-box masonry-post-item post-82 post type-post status-publish format-standard has-post-thumbnail hentry category-pergolas category-toldos category-velas-de-sombra tag-exterior tag-interior\">\n\t<div class=\"post-inner\">\n\t    \n\t        <div class=\"entry-media post-cat-abs\">\n\t            <a href=\"https:\/\/bdbcn2002.com\/ca\/use-pastel-colors-natural-materials\/\">\n\t                <img loading=\"lazy\" decoding=\"async\" width=\"491\" height=\"340\" src=\"https:\/\/bdbcn2002.com\/wp-content\/uploads\/2020\/03\/paleta-color_toldosbcn2002.webp\" class=\"attachment-post-thumbnail size-post-thumbnail wp-post-image\" alt=\"\" srcset=\"https:\/\/bdbcn2002.com\/wp-content\/uploads\/2020\/03\/paleta-color_toldosbcn2002.webp 491w, https:\/\/bdbcn2002.com\/wp-content\/uploads\/2020\/03\/paleta-color_toldosbcn2002-300x208.webp 300w\" sizes=\"(max-width: 491px) 100vw, 491px\" \/>\t            <\/a>\n\t            <div class=\"post-cat\"><div class=\"posted-in\"><a href=\"https:\/\/bdbcn2002.com\/ca\/category\/pergolas\/\" rel=\"category tag\">P\u00e8rgoles<\/a> <a href=\"https:\/\/bdbcn2002.com\/ca\/category\/toldos\/\" rel=\"category tag\">Tendals<\/a> <a href=\"https:\/\/bdbcn2002.com\/ca\/category\/velas-de-sombra\/\" rel=\"category tag\">Espelmes d'ombra<\/a><\/div><\/div>\t        <\/div>\n\t        \n\t    \n\t    <div class=\"inner-post\">\n\t        <div class=\"entry-header\">\n\n\t            \t            <div class=\"entry-meta\">\n\t            \t<span class=\"posted-on\"><a href=\"https:\/\/bdbcn2002.com\/ca\/use-pastel-colors-natural-materials\/\" rel=\"bookmark\"><time class=\"entry-date published\" datetime=\"2020-03-19T03:32:55+00:00\">19 de mar\u00e7 de 2020<\/time><\/a><\/span><span class=\"byline\"><a class=\"url fn n\" href=\"https:\/\/bdbcn2002.com\/ca\/author\/bdbcn\/\">bdbcn<\/a><\/span><span class=\"comment-num\"><a href=\"https:\/\/bdbcn2002.com\/ca\/use-pastel-colors-natural-materials\/#respond\">0 Comments<\/a><\/span>\t            <\/div><!-- .entry-meta -->\n\t            \n\t            <h4 class=\"entry-title\"><a class=\"title-link\" href=\"https:\/\/bdbcn2002.com\/ca\/use-pastel-colors-natural-materials\/\" rel=\"bookmark\">La import\u00e0ncia dels materials en el disseny dels elements de protecci\u00f3 solar.<\/a><\/h4>\n\t        <\/div><!-- .entry-header -->\n\n\t        <div class=\"entry-summary the-excerpt\">\n\n\t            <p>Un efecte de facetes anima i interromp el cubisme que diferencia la morfologia del sistema occidental dels clix\u00e9s del disseny modern. Es caracteritza per la seva aptitud per al seu \u00fas en una \u00e0mplia gamma de diferents...<\/p>\n\n\t        <\/div><!-- .entry-content -->\n\t        <div class=\"entry-footer\">\n\t        \t<a href=\"https:\/\/bdbcn2002.com\/ca\/use-pastel-colors-natural-materials\/\" class=\"btn-details\"> LLEGIR M\u00c9S<\/a>\t        <\/div>\n\t    <\/div>\n\t<\/div>\n<\/article> \n<article id=\"post-80\" class=\"post-box masonry-post-item post-80 post type-post status-publish format-standard hentry category-toldos tag-arquitectura\">\n\t<div class=\"post-inner\">\n\t    \t\t\t\n\t\t\t<div class=\"entry-media\">\n\t        \t<div class=\"post-cat\"><div class=\"posted-in\"><a href=\"https:\/\/bdbcn2002.com\/ca\/category\/toldos\/\" rel=\"category tag\">Tendals<\/a><\/div><\/div>\t        <\/div>\n\n\t    \n\t    <div class=\"inner-post\">\n\t        <div class=\"entry-header\">\n\n\t            \t            <div class=\"entry-meta\">\n\t            \t<span class=\"posted-on\"><a href=\"https:\/\/bdbcn2002.com\/ca\/architecture-is-not-based-on-concrete-and-steel-4\/\" rel=\"bookmark\"><time class=\"entry-date published\" datetime=\"2020-03-19T03:17:44+00:00\">19 de mar\u00e7 de 2020<\/time><\/a><\/span><span class=\"byline\"><a class=\"url fn n\" href=\"https:\/\/bdbcn2002.com\/ca\/author\/bdbcn\/\">bdbcn<\/a><\/span><span class=\"comment-num\"><a href=\"https:\/\/bdbcn2002.com\/ca\/architecture-is-not-based-on-concrete-and-steel-4\/#respond\">0 Comments<\/a><\/span>\t            <\/div><!-- .entry-meta -->\n\t            \n\t            <h4 class=\"entry-title\"><a class=\"title-link\" href=\"https:\/\/bdbcn2002.com\/ca\/architecture-is-not-based-on-concrete-and-steel-4\/\" rel=\"bookmark\">5 raons per les quals \u00e9s important l'experi\u00e8ncia d'una empresa de tendals<\/a><\/h4>\n\t        <\/div><!-- .entry-header -->\n\n\t        <div class=\"entry-summary the-excerpt\">\n\n\t            <p> comptar amb una empresa amb experi\u00e8ncia en el muntatge de tendals \u00e9s essencial per garantir la qualitat, la seguretat i l'efici\u00e8ncia del projecte. A m\u00e9s, permet seleccionar els materials adequats, complir les normatives locals i nacionals, i oferir garanties i serveis de reparaci\u00f3 al client. Per tant, \u00e9s important triar una empresa amb experi\u00e8ncia i reputaci\u00f3 al mercat.<\/p>\n\n\t        <\/div><!-- .entry-content -->\n\t        <div class=\"entry-footer\">\n\t        \t<a href=\"https:\/\/bdbcn2002.com\/ca\/architecture-is-not-based-on-concrete-and-steel-4\/\" class=\"btn-details\"> LLEGIR M\u00c9S<\/a>\t        <\/div>\n\t    <\/div>\n\t<\/div>\n<\/article>\t    <\/div>\n\t    \t    \n\t\t\t\t\t\t<\/div>\n\t\t\t\t<\/div>\n\t\t\t\t\t<\/div>\n\t\t<\/div>\n\t\t\t\t\t<\/div>\n\t\t<\/section>\n\t\t\t\t<\/div>","protected":false},"excerpt":{"rendered":"<p>Interior March 20, 2020Tom Black0 Comments Top 10 Tips for Your Kitchen Interior Design A faceting effect livens up and interrupts the cubism that sets the morphology of&#8230; Achitecture March 20, 2020Tom Black0 Comments The Golden Ratio Rule for Best 2D Sketch A faceting effect livens up and interrupts the cubism that sets the morphology [&hellip;]<\/p>\n","protected":false},"author":1,"featured_media":0,"parent":0,"menu_order":0,"comment_status":"closed","ping_status":"closed","template":"","meta":{"footnotes":""},"class_list":["post-3985","page","type-page","status-publish","hentry"],"yoast_head":"<!-- This site is optimized with the Yoast SEO plugin v27.2 - https:\/\/yoast.com\/product\/yoast-seo-wordpress\/ -->\n<title>Blog Grid - Toldos, P\u00e9rgloas, Parasoles<\/title>\n<meta name=\"robots\" content=\"index, follow, max-snippet:-1, max-image-preview:large, max-video-preview:-1\" \/>\n<link rel=\"canonical\" href=\"https:\/\/bdbcn2002.com\/ca\/blog-grid\/\" \/>\n<meta property=\"og:locale\" content=\"ca_ES\" \/>\n<meta property=\"og:type\" content=\"article\" \/>\n<meta property=\"og:title\" content=\"Blog Grid - Toldos, P\u00e9rgloas, Parasoles\" \/>\n<meta property=\"og:description\" content=\"Interior March 20, 2020Tom Black0 Comments Top 10 Tips for Your Kitchen Interior Design A faceting effect livens up and interrupts the cubism that sets the morphology of&#8230; Achitecture March 20, 2020Tom Black0 Comments The Golden Ratio Rule for Best 2D Sketch A faceting effect livens up and interrupts the cubism that sets the morphology [&hellip;]\" \/>\n<meta property=\"og:url\" content=\"https:\/\/bdbcn2002.com\/ca\/blog-grid\/\" \/>\n<meta property=\"og:site_name\" content=\"Toldos, P\u00e9rgloas, Parasoles\" \/>\n<meta property=\"og:image\" content=\"https:\/\/theratio.s3.amazonaws.com\/images\/post8.jpg\" \/>\n<meta name=\"twitter:card\" content=\"summary_large_image\" \/>\n<meta name=\"twitter:label1\" content=\"Temps estimat de lectura\" \/>\n\t<meta name=\"twitter:data1\" content=\"1 minut\" \/>\n<script type=\"application\/ld+json\" class=\"yoast-schema-graph\">{\"@context\":\"https:\/\/schema.org\",\"@graph\":[{\"@type\":\"WebPage\",\"@id\":\"https:\/\/bdbcn2002.com\/blog-grid\/\",\"url\":\"https:\/\/bdbcn2002.com\/blog-grid\/\",\"name\":\"Blog Grid - Toldos, P\u00e9rgloas, Parasoles\",\"isPartOf\":{\"@id\":\"https:\/\/bdbcn2002.com\/#website\"},\"primaryImageOfPage\":{\"@id\":\"https:\/\/bdbcn2002.com\/blog-grid\/#primaryimage\"},\"image\":{\"@id\":\"https:\/\/bdbcn2002.com\/blog-grid\/#primaryimage\"},\"thumbnailUrl\":\"https:\/\/theratio.s3.amazonaws.com\/images\/post8.jpg\",\"datePublished\":\"2020-07-07T04:14:44+00:00\",\"breadcrumb\":{\"@id\":\"https:\/\/bdbcn2002.com\/blog-grid\/#breadcrumb\"},\"inLanguage\":\"ca\",\"potentialAction\":[{\"@type\":\"ReadAction\",\"target\":[\"https:\/\/bdbcn2002.com\/blog-grid\/\"]}]},{\"@type\":\"ImageObject\",\"inLanguage\":\"ca\",\"@id\":\"https:\/\/bdbcn2002.com\/blog-grid\/#primaryimage\",\"url\":\"https:\/\/theratio.s3.amazonaws.com\/images\/post8.jpg\",\"contentUrl\":\"https:\/\/theratio.s3.amazonaws.com\/images\/post8.jpg\"},{\"@type\":\"BreadcrumbList\",\"@id\":\"https:\/\/bdbcn2002.com\/blog-grid\/#breadcrumb\",\"itemListElement\":[{\"@type\":\"ListItem\",\"position\":1,\"name\":\"Portada\",\"item\":\"https:\/\/bdbcn2002.com\/\"},{\"@type\":\"ListItem\",\"position\":2,\"name\":\"Blog Grid\"}]},{\"@type\":\"WebSite\",\"@id\":\"https:\/\/bdbcn2002.com\/#website\",\"url\":\"https:\/\/bdbcn2002.com\/\",\"name\":\"BDBCN - Proyectos de protecci\u00f3n solar\",\"description\":\"Toldos, P\u00e9rgloas, Parasoles y proyectos  de protecci\u00f3n solar en Barcelona\",\"publisher\":{\"@id\":\"https:\/\/bdbcn2002.com\/#organization\"},\"alternateName\":\"BDBCN\",\"potentialAction\":[{\"@type\":\"SearchAction\",\"target\":{\"@type\":\"EntryPoint\",\"urlTemplate\":\"https:\/\/bdbcn2002.com\/?s={search_term_string}\"},\"query-input\":{\"@type\":\"PropertyValueSpecification\",\"valueRequired\":true,\"valueName\":\"search_term_string\"}}],\"inLanguage\":\"ca\"},{\"@type\":\"Organization\",\"@id\":\"https:\/\/bdbcn2002.com\/#organization\",\"name\":\"BDBCN - Proyectos de protecci\u00f3n solar\",\"url\":\"https:\/\/bdbcn2002.com\/\",\"logo\":{\"@type\":\"ImageObject\",\"inLanguage\":\"ca\",\"@id\":\"https:\/\/bdbcn2002.com\/#\/schema\/logo\/image\/\",\"url\":\"https:\/\/bdbcn2002.com\/wp-content\/uploads\/2023\/06\/Captura.png\",\"contentUrl\":\"https:\/\/bdbcn2002.com\/wp-content\/uploads\/2023\/06\/Captura.png\",\"width\":375,\"height\":410,\"caption\":\"BDBCN - Proyectos de protecci\u00f3n solar\"},\"image\":{\"@id\":\"https:\/\/bdbcn2002.com\/#\/schema\/logo\/image\/\"}}]}<\/script>\n<!-- \/ Yoast SEO plugin. -->","yoast_head_json":{"title":"Blog Grid - Toldos, P\u00e9rgloas, Parasoles","robots":{"index":"index","follow":"follow","max-snippet":"max-snippet:-1","max-image-preview":"max-image-preview:large","max-video-preview":"max-video-preview:-1"},"canonical":"https:\/\/bdbcn2002.com\/ca\/blog-grid\/","og_locale":"ca_ES","og_type":"article","og_title":"Blog Grid - Toldos, P\u00e9rgloas, Parasoles","og_description":"Interior March 20, 2020Tom Black0 Comments Top 10 Tips for Your Kitchen Interior Design A faceting effect livens up and interrupts the cubism that sets the morphology of&#8230; Achitecture March 20, 2020Tom Black0 Comments The Golden Ratio Rule for Best 2D Sketch A faceting effect livens up and interrupts the cubism that sets the morphology [&hellip;]","og_url":"https:\/\/bdbcn2002.com\/ca\/blog-grid\/","og_site_name":"Toldos, P\u00e9rgloas, Parasoles","og_image":[{"url":"https:\/\/theratio.s3.amazonaws.com\/images\/post8.jpg","type":"","width":"","height":""}],"twitter_card":"summary_large_image","twitter_misc":{"Temps estimat de lectura":"1 minut"},"schema":{"@context":"https:\/\/schema.org","@graph":[{"@type":"WebPage","@id":"https:\/\/bdbcn2002.com\/blog-grid\/","url":"https:\/\/bdbcn2002.com\/blog-grid\/","name":"Blog Grid - Toldos, P\u00e9rgloas, Parasoles","isPartOf":{"@id":"https:\/\/bdbcn2002.com\/#website"},"primaryImageOfPage":{"@id":"https:\/\/bdbcn2002.com\/blog-grid\/#primaryimage"},"image":{"@id":"https:\/\/bdbcn2002.com\/blog-grid\/#primaryimage"},"thumbnailUrl":"https:\/\/theratio.s3.amazonaws.com\/images\/post8.jpg","datePublished":"2020-07-07T04:14:44+00:00","breadcrumb":{"@id":"https:\/\/bdbcn2002.com\/blog-grid\/#breadcrumb"},"inLanguage":"ca","potentialAction":[{"@type":"ReadAction","target":["https:\/\/bdbcn2002.com\/blog-grid\/"]}]},{"@type":"ImageObject","inLanguage":"ca","@id":"https:\/\/bdbcn2002.com\/blog-grid\/#primaryimage","url":"https:\/\/theratio.s3.amazonaws.com\/images\/post8.jpg","contentUrl":"https:\/\/theratio.s3.amazonaws.com\/images\/post8.jpg"},{"@type":"BreadcrumbList","@id":"https:\/\/bdbcn2002.com\/blog-grid\/#breadcrumb","itemListElement":[{"@type":"ListItem","position":1,"name":"Portada","item":"https:\/\/bdbcn2002.com\/"},{"@type":"ListItem","position":2,"name":"Blog Grid"}]},{"@type":"WebSite","@id":"https:\/\/bdbcn2002.com\/#website","url":"https:\/\/bdbcn2002.com\/","name":"BDBCN - Proyectos de protecci\u00f3n solar","description":"Toldos, P\u00e9rgloas, Parasoles y proyectos  de protecci\u00f3n solar en Barcelona","publisher":{"@id":"https:\/\/bdbcn2002.com\/#organization"},"alternateName":"BDBCN","potentialAction":[{"@type":"SearchAction","target":{"@type":"EntryPoint","urlTemplate":"https:\/\/bdbcn2002.com\/?s={search_term_string}"},"query-input":{"@type":"PropertyValueSpecification","valueRequired":true,"valueName":"search_term_string"}}],"inLanguage":"ca"},{"@type":"Organization","@id":"https:\/\/bdbcn2002.com\/#organization","name":"BDBCN - Proyectos de protecci\u00f3n solar","url":"https:\/\/bdbcn2002.com\/","logo":{"@type":"ImageObject","inLanguage":"ca","@id":"https:\/\/bdbcn2002.com\/#\/schema\/logo\/image\/","url":"https:\/\/bdbcn2002.com\/wp-content\/uploads\/2023\/06\/Captura.png","contentUrl":"https:\/\/bdbcn2002.com\/wp-content\/uploads\/2023\/06\/Captura.png","width":375,"height":410,"caption":"BDBCN - Proyectos de protecci\u00f3n solar"},"image":{"@id":"https:\/\/bdbcn2002.com\/#\/schema\/logo\/image\/"}}]}},"_links":{"self":[{"href":"https:\/\/bdbcn2002.com\/ca\/wp-json\/wp\/v2\/pages\/3985","targetHints":{"allow":["GET"]}}],"collection":[{"href":"https:\/\/bdbcn2002.com\/ca\/wp-json\/wp\/v2\/pages"}],"about":[{"href":"https:\/\/bdbcn2002.com\/ca\/wp-json\/wp\/v2\/types\/page"}],"author":[{"embeddable":true,"href":"https:\/\/bdbcn2002.com\/ca\/wp-json\/wp\/v2\/users\/1"}],"replies":[{"embeddable":true,"href":"https:\/\/bdbcn2002.com\/ca\/wp-json\/wp\/v2\/comments?post=3985"}],"version-history":[{"count":0,"href":"https:\/\/bdbcn2002.com\/ca\/wp-json\/wp\/v2\/pages\/3985\/revisions"}],"wp:attachment":[{"href":"https:\/\/bdbcn2002.com\/ca\/wp-json\/wp\/v2\/media?parent=3985"}],"curies":[{"name":"wp","href":"https:\/\/api.w.org\/{rel}","templated":true}]}}