{"id":6376,"date":"2026-02-27T10:37:53","date_gmt":"2026-02-27T10:37:53","guid":{"rendered":"https:\/\/dev.bdbcn2002.com\/?page_id=6376"},"modified":"2026-03-17T16:00:14","modified_gmt":"2026-03-17T16:00:14","slug":"quienes-somos","status":"publish","type":"page","link":"https:\/\/bdbcn2002.com\/ca\/quienes-somos\/","title":{"rendered":"Qui Som"},"content":{"rendered":"\t\t<div data-elementor-type=\"wp-page\" data-elementor-id=\"6376\" class=\"elementor elementor-6376\">\n\t\t\t\t\t\t<section class=\"elementor-section elementor-top-section elementor-element elementor-element-d7d1253 elementor-section-height-min-height elementor-section-boxed elementor-section-height-default elementor-section-items-middle\" data-id=\"d7d1253\" data-element_type=\"section\" data-e-type=\"section\" data-settings=\"{&quot;background_background&quot;:&quot;classic&quot;}\">\n\t\t\t\t\t\t<div class=\"elementor-container elementor-column-gap-default\">\n\t\t\t\t\t<div class=\"elementor-column elementor-col-100 elementor-top-column elementor-element elementor-element-650e5b3 ot-flex-column-vertical\" data-id=\"650e5b3\" data-element_type=\"column\" data-e-type=\"column\" data-settings=\"{&quot;background_background&quot;:&quot;classic&quot;}\">\n\t\t\t<div class=\"elementor-widget-wrap elementor-element-populated\">\n\t\t\t\t\t\t<div class=\"elementor-element elementor-element-2073440 elementor-widget elementor-widget-heading\" data-id=\"2073440\" data-element_type=\"widget\" data-e-type=\"widget\" data-widget_type=\"heading.default\">\n\t\t\t\t<div class=\"elementor-widget-container\">\n\t\t\t\t\t<h2 class=\"elementor-heading-title elementor-size-default\">Quienes Somos<\/h2>\t\t\t\t<\/div>\n\t\t\t\t<\/div>\n\t\t\t\t\t<\/div>\n\t\t<\/div>\n\t\t\t\t\t<\/div>\n\t\t<\/section>\n\t\t\t\t<section class=\"elementor-section elementor-top-section elementor-element elementor-element-66a4230 elementor-section-height-min-height elementor-section-content-middle elementor-section-boxed elementor-section-height-default elementor-section-items-middle\" data-id=\"66a4230\" data-element_type=\"section\" data-e-type=\"section\">\n\t\t\t\t\t\t<div class=\"elementor-container elementor-column-gap-default\">\n\t\t\t\t\t<div class=\"elementor-column elementor-col-50 elementor-top-column elementor-element elementor-element-b7625e0 ot-flex-column-vertical\" data-id=\"b7625e0\" data-element_type=\"column\" data-e-type=\"column\">\n\t\t\t<div class=\"elementor-widget-wrap elementor-element-populated\">\n\t\t\t\t\t\t<div class=\"elementor-element elementor-element-9fd0468 elementor-hidden-phone elementor-widget elementor-widget-spacer\" data-id=\"9fd0468\" data-element_type=\"widget\" data-e-type=\"widget\" data-widget_type=\"spacer.default\">\n\t\t\t\t<div class=\"elementor-widget-container\">\n\t\t\t\t\t\t\t<div class=\"elementor-spacer\">\n\t\t\t<div class=\"elementor-spacer-inner\"><\/div>\n\t\t<\/div>\n\t\t\t\t\t\t<\/div>\n\t\t\t\t<\/div>\n\t\t\t\t<div class=\"elementor-element elementor-element-a4fafd9 elementor-widget elementor-widget-image\" data-id=\"a4fafd9\" data-element_type=\"widget\" data-e-type=\"widget\" data-widget_type=\"image.default\">\n\t\t\t\t<div class=\"elementor-widget-container\">\n\t\t\t\t\t\t\t\t\t\t\t\t\t\t\t<img fetchpriority=\"high\" decoding=\"async\" width=\"2080\" height=\"1560\" src=\"https:\/\/bdbcn2002.com\/wp-content\/uploads\/2023\/06\/IMG_20230608_104252759.jpg\" class=\"attachment-full size-full wp-image-6034\" alt=\"\" srcset=\"https:\/\/bdbcn2002.com\/wp-content\/uploads\/2023\/06\/IMG_20230608_104252759.jpg 2080w, https:\/\/bdbcn2002.com\/wp-content\/uploads\/2023\/06\/IMG_20230608_104252759-300x225.jpg 300w, https:\/\/bdbcn2002.com\/wp-content\/uploads\/2023\/06\/IMG_20230608_104252759-1024x768.jpg 1024w, https:\/\/bdbcn2002.com\/wp-content\/uploads\/2023\/06\/IMG_20230608_104252759-768x576.jpg 768w, https:\/\/bdbcn2002.com\/wp-content\/uploads\/2023\/06\/IMG_20230608_104252759-1536x1152.jpg 1536w, https:\/\/bdbcn2002.com\/wp-content\/uploads\/2023\/06\/IMG_20230608_104252759-2048x1536.jpg 2048w\" sizes=\"(max-width: 2080px) 100vw, 2080px\" \/>\t\t\t\t\t\t\t\t\t\t\t\t\t\t\t<\/div>\n\t\t\t\t<\/div>\n\t\t\t\t\t<\/div>\n\t\t<\/div>\n\t\t\t\t<div class=\"elementor-column elementor-col-50 elementor-top-column elementor-element elementor-element-f9e291c ot-flex-column-vertical\" data-id=\"f9e291c\" data-element_type=\"column\" data-e-type=\"column\">\n\t\t\t<div class=\"elementor-widget-wrap elementor-element-populated\">\n\t\t\t\t\t\t<section class=\"elementor-section elementor-inner-section elementor-element elementor-element-a40447b elementor-section-full_width elementor-section-height-default elementor-section-height-default\" data-id=\"a40447b\" data-element_type=\"section\" data-e-type=\"section\">\n\t\t\t\t\t\t<div class=\"elementor-container elementor-column-gap-default\">\n\t\t\t\t\t<div class=\"elementor-column elementor-col-100 elementor-inner-column elementor-element elementor-element-d5c9e6b ot-flex-column-vertical\" data-id=\"d5c9e6b\" data-element_type=\"column\" data-e-type=\"column\" data-settings=\"{&quot;background_background&quot;:&quot;classic&quot;}\">\n\t\t\t<div class=\"elementor-widget-wrap elementor-element-populated\">\n\t\t\t\t\t\t<div class=\"elementor-element elementor-element-7a8da08 elementor-widget elementor-widget-heading\" data-id=\"7a8da08\" data-element_type=\"widget\" data-e-type=\"widget\" data-widget_type=\"heading.default\">\n\t\t\t\t<div class=\"elementor-widget-container\">\n\t\t\t\t\t<h2 class=\"elementor-heading-title elementor-size-default\">Francesc Vil\u00e0<\/h2>\t\t\t\t<\/div>\n\t\t\t\t<\/div>\n\t\t\t\t<div class=\"elementor-element elementor-element-844cd2b elementor-widget elementor-widget-heading\" data-id=\"844cd2b\" data-element_type=\"widget\" data-e-type=\"widget\" data-widget_type=\"heading.default\">\n\t\t\t\t<div class=\"elementor-widget-container\">\n\t\t\t\t\t<h2 class=\"elementor-heading-title elementor-size-default\">[ Fundador ]<\/h2>\t\t\t\t<\/div>\n\t\t\t\t<\/div>\n\t\t\t\t<div class=\"elementor-element elementor-element-fedc360 elementor-widget elementor-widget-text-editor\" data-id=\"fedc360\" data-element_type=\"widget\" data-e-type=\"widget\" data-widget_type=\"text-editor.default\">\n\t\t\t\t<div class=\"elementor-widget-container\">\n\t\t\t\t\t\t\t\t\t<ul class=\"member-info\"><li><span class=\"text-light\" style=\"font-weight: var( --e-global-typography-text-font-weight );\">EXPERIENCIA:<\/span><span style=\"font-weight: var( --e-global-typography-text-font-weight );\">\u00a0 +40 A\u00f1os<\/span><\/li><li><span class=\"text-light\">EMAIL:<\/span> administracion@bdbcn2002.com<\/li><li><span class=\"text-light\">TEL:<\/span> +34 <span class=\"elementor-icon-list-text\">646 87 31 87<\/span><\/li><\/ul>\t\t\t\t\t\t\t\t<\/div>\n\t\t\t\t<\/div>\n\t\t\t\t<div class=\"elementor-element elementor-element-fc13ab0 e-grid-align-left elementor-shape-rounded elementor-grid-0 elementor-widget elementor-widget-social-icons\" data-id=\"fc13ab0\" data-element_type=\"widget\" data-e-type=\"widget\" data-widget_type=\"social-icons.default\">\n\t\t\t\t<div class=\"elementor-widget-container\">\n\t\t\t\t\t\t\t<div class=\"elementor-social-icons-wrapper elementor-grid\">\n\t\t\t\t\t\t\t<span class=\"elementor-grid-item\">\n\t\t\t\t\t<a class=\"elementor-icon elementor-social-icon elementor-social-icon-instagram elementor-repeater-item-77c0a11\" href=\"https:\/\/www.instagram.com\/bdbcn_2002\/\" target=\"_blank\">\n\t\t\t\t\t\t<span class=\"elementor-screen-only\">Instagram<\/span>\n\t\t\t\t\t\t<i aria-hidden=\"true\" class=\"fab fa-instagram\"><\/i>\t\t\t\t\t<\/a>\n\t\t\t\t<\/span>\n\t\t\t\t\t<\/div>\n\t\t\t\t\t\t<\/div>\n\t\t\t\t<\/div>\n\t\t\t\t\t<\/div>\n\t\t<\/div>\n\t\t\t\t\t<\/div>\n\t\t<\/section>\n\t\t\t\t\t<\/div>\n\t\t<\/div>\n\t\t\t\t\t<\/div>\n\t\t<\/section>\n\t\t\t\t<section class=\"elementor-section elementor-top-section elementor-element elementor-element-2625856 elementor-section-height-min-height elementor-section-content-middle elementor-section-boxed elementor-section-height-default elementor-section-items-middle\" data-id=\"2625856\" data-element_type=\"section\" data-e-type=\"section\">\n\t\t\t\t\t\t<div class=\"elementor-container elementor-column-gap-default\">\n\t\t\t\t\t<div class=\"elementor-column elementor-col-100 elementor-top-column elementor-element elementor-element-e6213cb ot-flex-column-vertical\" data-id=\"e6213cb\" data-element_type=\"column\" data-e-type=\"column\">\n\t\t\t<div class=\"elementor-widget-wrap elementor-element-populated\">\n\t\t\t\t\t\t<div class=\"elementor-element elementor-element-23cc6de elementor-widget elementor-widget-heading\" data-id=\"23cc6de\" data-element_type=\"widget\" data-e-type=\"widget\" data-widget_type=\"heading.default\">\n\t\t\t\t<div class=\"elementor-widget-container\">\n\t\t\t\t\t<h2 class=\"elementor-heading-title elementor-size-default\">Presentaci\u00f3n<\/h2>\t\t\t\t<\/div>\n\t\t\t\t<\/div>\n\t\t\t\t<div class=\"elementor-element elementor-element-8180a6f elementor-widget-divider--view-line elementor-widget elementor-widget-divider\" data-id=\"8180a6f\" data-element_type=\"widget\" data-e-type=\"widget\" data-widget_type=\"divider.default\">\n\t\t\t\t<div class=\"elementor-widget-container\">\n\t\t\t\t\t\t\t<div class=\"elementor-divider\">\n\t\t\t<span class=\"elementor-divider-separator\">\n\t\t\t\t\t\t<\/span>\n\t\t<\/div>\n\t\t\t\t\t\t<\/div>\n\t\t\t\t<\/div>\n\t\t\t\t<div class=\"elementor-element elementor-element-2e4d2f9 elementor-widget elementor-widget-text-editor\" data-id=\"2e4d2f9\" data-element_type=\"widget\" data-e-type=\"widget\" data-widget_type=\"text-editor.default\">\n\t\t\t\t<div class=\"elementor-widget-container\">\n\t\t\t\t\t\t\t\t\t<p><span style=\"color: #000000;\">Nos complace presentarle nuestra nueva empresa, Bd Bcn 2002 S.L.\u00a0<\/span><\/p><p><span style=\"color: #000000; font-weight: var( --e-global-typography-text-font-weight );\">Somos una empresa especializada en la comercializaci\u00f3n de productos de protecci\u00f3n solar y decoraci\u00f3n exterior de alta calidad, como toldos, p\u00e9rgolas, parasoles, velas tensadas y otros productos relacionados.<\/span><\/p><p><span style=\"color: #000000; font-weight: var( --e-global-typography-text-font-weight );\">Nuestra empresa se dedica a ofrecer soluciones personalizadas a nuestros clientes, brindando un servicio profesional y una amplia gama de opciones para satisfacer sus necesidades.<\/span><\/p>\t\t\t\t\t\t\t\t<\/div>\n\t\t\t\t<\/div>\n\t\t\t\t<div class=\"elementor-element elementor-element-8e093c7 elementor-widget elementor-widget-heading\" data-id=\"8e093c7\" data-element_type=\"widget\" data-e-type=\"widget\" data-widget_type=\"heading.default\">\n\t\t\t\t<div class=\"elementor-widget-container\">\n\t\t\t\t\t<h2 class=\"elementor-heading-title elementor-size-default\">Historia<\/h2>\t\t\t\t<\/div>\n\t\t\t\t<\/div>\n\t\t\t\t<div class=\"elementor-element elementor-element-7abab61 elementor-widget-divider--view-line elementor-widget elementor-widget-divider\" data-id=\"7abab61\" data-element_type=\"widget\" data-e-type=\"widget\" data-widget_type=\"divider.default\">\n\t\t\t\t<div class=\"elementor-widget-container\">\n\t\t\t\t\t\t\t<div class=\"elementor-divider\">\n\t\t\t<span class=\"elementor-divider-separator\">\n\t\t\t\t\t\t<\/span>\n\t\t<\/div>\n\t\t\t\t\t\t<\/div>\n\t\t\t\t<\/div>\n\t\t\t\t<div class=\"elementor-element elementor-element-2e3a315 elementor-widget elementor-widget-text-editor\" data-id=\"2e3a315\" data-element_type=\"widget\" data-e-type=\"widget\" data-widget_type=\"text-editor.default\">\n\t\t\t\t<div class=\"elementor-widget-container\">\n\t\t\t\t\t\t\t\t\t<p><span style=\"color: #000000; font-weight: var( --e-global-typography-text-font-weight );\">Nuestra historia se remonta a los a\u00f1os 70, cuando el padre de Francesc Vil\u00e0 cre\u00f3 la empresa Fyl dedicada a la venta de toldos a nivel nacional. <\/span><\/p><p><span style=\"color: #000000; font-weight: var( --e-global-typography-text-font-weight );\">A mediados de los a\u00f1os 80, Francesc comenz\u00f3 a trabajar como responsable t\u00e9cnico para la empresa Toldos Condal, adquiriendo una vasta experiencia en el sector al visitar a los principales fabricantes europeos y estudiar sus procesos productivos y t\u00e9cnicos. <\/span><\/p><p><span style=\"color: #000000; font-weight: var( --e-global-typography-text-font-weight );\">Tras un periodo de fuerte crisis y el cierre de Toldos Condal, en los a\u00f1os 90 Francesc Vil\u00e0 decidi\u00f3 crear su propia empresa, Toldos Vil\u00e0 Capafons, dedicada a la comercializaci\u00f3n e instalaci\u00f3n de todo tipo de toldos, p\u00e9rgolas, estructuras y parasoles. <\/span><\/p><p><span style=\"color: #000000; font-weight: var( --e-global-typography-text-font-weight );\">Con el paso del tiempo, la empresa se especializ\u00f3 en la instalaci\u00f3n de productos de protecci\u00f3n solar y construy\u00f3 un equipo humano y profesional altamente cualificado.<\/span><\/p>\t\t\t\t\t\t\t\t<\/div>\n\t\t\t\t<\/div>\n\t\t\t\t<div class=\"elementor-element elementor-element-a63e1d9 elementor-widget elementor-widget-heading\" data-id=\"a63e1d9\" data-element_type=\"widget\" data-e-type=\"widget\" data-widget_type=\"heading.default\">\n\t\t\t\t<div class=\"elementor-widget-container\">\n\t\t\t\t\t<h2 class=\"elementor-heading-title elementor-size-default\">Actualidad<\/h2>\t\t\t\t<\/div>\n\t\t\t\t<\/div>\n\t\t\t\t<div class=\"elementor-element elementor-element-f0d7518 elementor-widget-divider--view-line elementor-widget elementor-widget-divider\" data-id=\"f0d7518\" data-element_type=\"widget\" data-e-type=\"widget\" data-widget_type=\"divider.default\">\n\t\t\t\t<div class=\"elementor-widget-container\">\n\t\t\t\t\t\t\t<div class=\"elementor-divider\">\n\t\t\t<span class=\"elementor-divider-separator\">\n\t\t\t\t\t\t<\/span>\n\t\t<\/div>\n\t\t\t\t\t\t<\/div>\n\t\t\t\t<\/div>\n\t\t\t\t<div class=\"elementor-element elementor-element-fdd09ca elementor-widget elementor-widget-text-editor\" data-id=\"fdd09ca\" data-element_type=\"widget\" data-e-type=\"widget\" data-widget_type=\"text-editor.default\">\n\t\t\t\t<div class=\"elementor-widget-container\">\n\t\t\t\t\t\t\t\t\t<p><span style=\"color: #000000; font-weight: var( --e-global-typography-text-font-weight );\">Despu\u00e9s de 30 a\u00f1os de \u00e9xito en el mercado, nuestra empresa ha decidido reestructurarse para prepararse para nuevos retos y un relevo generacional. <\/span><\/p><p><span style=\"color: #000000; font-weight: var( --e-global-typography-text-font-weight );\">Por ello, hemos decidido dividir la empresa en dos partes: Vil\u00e0 Capafons, encargada de la parte industrial y de instalaciones, y Bd Bcn 2002 S.L., encargada de la comercializaci\u00f3n de los productos. <\/span><\/p><p><span style=\"color: #000000; font-weight: var( --e-global-typography-text-font-weight );\">Con esta estrategia, buscamos ampliar nuestro mercado y participar de manera m\u00e1s activa en los desaf\u00edos futuros planteados por las nuevas tecnolog\u00edas y formas de comercializaci\u00f3n. <\/span><\/p><p><span style=\"color: #000000; font-weight: var( --e-global-typography-text-font-weight );\">Nos enorgullecemos de ofrecer productos de la m\u00e1s alta calidad y servicios excepcionales a nuestros clientes.<\/span><\/p><p><span style=\"color: #000000; font-weight: var( --e-global-typography-text-font-weight );\"> Estamos seguros de que nuestra amplia experiencia en el sector y nuestra dedicaci\u00f3n al servicio del cliente har\u00e1n de Bd Bcn 2002 S.L. una empresa de garant\u00eda para usted y su negocio. Esperamos poder contar con su confianza y colaboraci\u00f3n en el futuro.<\/span><\/p><p><span style=\"color: #000000;\"><b>Francesc Vil\u00e0<\/b><\/span><\/p>\t\t\t\t\t\t\t\t<\/div>\n\t\t\t\t<\/div>\n\t\t\t\t<div class=\"elementor-element elementor-element-f652075 elementor-widget elementor-widget-image\" data-id=\"f652075\" data-element_type=\"widget\" data-e-type=\"widget\" data-widget_type=\"image.default\">\n\t\t\t\t<div class=\"elementor-widget-container\">\n\t\t\t\t\t\t\t\t\t\t\t\t\t\t\t<img decoding=\"async\" width=\"200\" height=\"101\" src=\"https:\/\/bdbcn2002.com\/wp-content\/uploads\/2023\/03\/firma-francesc-vila.png\" class=\"attachment-large size-large wp-image-5071\" alt=\"\" \/>\t\t\t\t\t\t\t\t\t\t\t\t\t\t\t<\/div>\n\t\t\t\t<\/div>\n\t\t\t\t\t<\/div>\n\t\t<\/div>\n\t\t\t\t\t<\/div>\n\t\t<\/section>\n\t\t\t\t<\/div>\n\t\t","protected":false},"excerpt":{"rendered":"<p>Quienes Somos Francesc Vil\u00e0 [ Fundador ] EXPERIENCIA:\u00a0 +40 A\u00f1os EMAIL: administracion@bdbcn2002.com TEL: +34 646 87 31 87 Instagram Presentaci\u00f3n Nos complace presentarle nuestra nueva empresa, Bd Bcn 2002 S.L.\u00a0 Somos una empresa especializada en la comercializaci\u00f3n de productos de protecci\u00f3n solar y decoraci\u00f3n exterior de alta calidad, como toldos, p\u00e9rgolas, parasoles, velas tensadas y [&hellip;]<\/p>\n","protected":false},"author":1,"featured_media":6180,"parent":0,"menu_order":0,"comment_status":"closed","ping_status":"closed","template":"","meta":{"footnotes":""},"class_list":["post-6376","page","type-page","status-publish","has-post-thumbnail","hentry"],"yoast_head":"<!-- This site is optimized with the Yoast SEO plugin v27.2 - https:\/\/yoast.com\/product\/yoast-seo-wordpress\/ -->\n<title>Quienes Somos - Toldos, P\u00e9rgloas, Parasoles<\/title>\n<meta name=\"description\" content=\"Especialistas en el dise\u00f1o e instalaci\u00f3n de toldos en terrazas, patios o jardines. proporcionando sombra y protecci\u00f3n contra el sol, la lluvia o el viento.\" \/>\n<meta name=\"robots\" content=\"index, follow, max-snippet:-1, max-image-preview:large, max-video-preview:-1\" \/>\n<link rel=\"canonical\" href=\"https:\/\/bdbcn2002.com\/ca\/quienes-somos\/\" \/>\n<meta property=\"og:locale\" content=\"ca_ES\" \/>\n<meta property=\"og:type\" content=\"article\" \/>\n<meta property=\"og:title\" content=\"Quienes Somos - Toldos, P\u00e9rgloas, Parasoles\" \/>\n<meta property=\"og:description\" content=\"Especialistas en el dise\u00f1o e instalaci\u00f3n de toldos en terrazas, patios o jardines. proporcionando sombra y protecci\u00f3n contra el sol, la lluvia o el viento.\" \/>\n<meta property=\"og:url\" content=\"https:\/\/bdbcn2002.com\/ca\/quienes-somos\/\" \/>\n<meta property=\"og:site_name\" content=\"Toldos, P\u00e9rgloas, Parasoles\" \/>\n<meta property=\"article:modified_time\" content=\"2026-03-17T16:00:14+00:00\" \/>\n<meta property=\"og:image\" content=\"https:\/\/bdbcn2002.com\/wp-content\/uploads\/2023\/10\/bdbcn2002-1.png\" \/>\n\t<meta property=\"og:image:width\" content=\"512\" \/>\n\t<meta property=\"og:image:height\" content=\"381\" \/>\n\t<meta property=\"og:image:type\" content=\"image\/png\" \/>\n<meta name=\"twitter:card\" content=\"summary_large_image\" \/>\n<meta name=\"twitter:label1\" content=\"Temps estimat de lectura\" \/>\n\t<meta name=\"twitter:data1\" content=\"3 minuts\" \/>\n<script type=\"application\/ld+json\" class=\"yoast-schema-graph\">{\"@context\":\"https:\/\/schema.org\",\"@graph\":[{\"@type\":\"WebPage\",\"@id\":\"https:\/\/bdbcn2002.com\/quienes-somos\/\",\"url\":\"https:\/\/bdbcn2002.com\/quienes-somos\/\",\"name\":\"Quienes Somos - Toldos, P\u00e9rgloas, Parasoles\",\"isPartOf\":{\"@id\":\"https:\/\/bdbcn2002.com\/#website\"},\"primaryImageOfPage\":{\"@id\":\"https:\/\/bdbcn2002.com\/quienes-somos\/#primaryimage\"},\"image\":{\"@id\":\"https:\/\/bdbcn2002.com\/quienes-somos\/#primaryimage\"},\"thumbnailUrl\":\"https:\/\/bdbcn2002.com\/wp-content\/uploads\/2023\/10\/bdbcn2002-1.png\",\"datePublished\":\"2026-02-27T10:37:53+00:00\",\"dateModified\":\"2026-03-17T16:00:14+00:00\",\"description\":\"Especialistas en el dise\u00f1o e instalaci\u00f3n de toldos en terrazas, patios o jardines. proporcionando sombra y protecci\u00f3n contra el sol, la lluvia o el viento.\",\"breadcrumb\":{\"@id\":\"https:\/\/bdbcn2002.com\/quienes-somos\/#breadcrumb\"},\"inLanguage\":\"ca\",\"potentialAction\":[{\"@type\":\"ReadAction\",\"target\":[\"https:\/\/bdbcn2002.com\/quienes-somos\/\"]}]},{\"@type\":\"ImageObject\",\"inLanguage\":\"ca\",\"@id\":\"https:\/\/bdbcn2002.com\/quienes-somos\/#primaryimage\",\"url\":\"https:\/\/bdbcn2002.com\/wp-content\/uploads\/2023\/10\/bdbcn2002-1.png\",\"contentUrl\":\"https:\/\/bdbcn2002.com\/wp-content\/uploads\/2023\/10\/bdbcn2002-1.png\",\"width\":512,\"height\":381},{\"@type\":\"BreadcrumbList\",\"@id\":\"https:\/\/bdbcn2002.com\/quienes-somos\/#breadcrumb\",\"itemListElement\":[{\"@type\":\"ListItem\",\"position\":1,\"name\":\"Portada\",\"item\":\"https:\/\/bdbcn2002.com\/\"},{\"@type\":\"ListItem\",\"position\":2,\"name\":\"Quienes Somos\"}]},{\"@type\":\"WebSite\",\"@id\":\"https:\/\/bdbcn2002.com\/#website\",\"url\":\"https:\/\/bdbcn2002.com\/\",\"name\":\"BDBCN - Proyectos de protecci\u00f3n solar\",\"description\":\"Toldos, P\u00e9rgloas, Parasoles y proyectos  de protecci\u00f3n solar en Barcelona\",\"publisher\":{\"@id\":\"https:\/\/bdbcn2002.com\/#organization\"},\"alternateName\":\"BDBCN\",\"potentialAction\":[{\"@type\":\"SearchAction\",\"target\":{\"@type\":\"EntryPoint\",\"urlTemplate\":\"https:\/\/bdbcn2002.com\/?s={search_term_string}\"},\"query-input\":{\"@type\":\"PropertyValueSpecification\",\"valueRequired\":true,\"valueName\":\"search_term_string\"}}],\"inLanguage\":\"ca\"},{\"@type\":\"Organization\",\"@id\":\"https:\/\/bdbcn2002.com\/#organization\",\"name\":\"BDBCN - Proyectos de protecci\u00f3n solar\",\"url\":\"https:\/\/bdbcn2002.com\/\",\"logo\":{\"@type\":\"ImageObject\",\"inLanguage\":\"ca\",\"@id\":\"https:\/\/bdbcn2002.com\/#\/schema\/logo\/image\/\",\"url\":\"https:\/\/bdbcn2002.com\/wp-content\/uploads\/2023\/06\/Captura.png\",\"contentUrl\":\"https:\/\/bdbcn2002.com\/wp-content\/uploads\/2023\/06\/Captura.png\",\"width\":375,\"height\":410,\"caption\":\"BDBCN - Proyectos de protecci\u00f3n solar\"},\"image\":{\"@id\":\"https:\/\/bdbcn2002.com\/#\/schema\/logo\/image\/\"}}]}<\/script>\n<!-- \/ Yoast SEO plugin. -->","yoast_head_json":{"title":"Quienes Somos - Toldos, P\u00e9rgloas, Parasoles","description":"Especialistas en el dise\u00f1o e instalaci\u00f3n de toldos en terrazas, patios o jardines. proporcionando sombra y protecci\u00f3n contra el sol, la lluvia o el viento.","robots":{"index":"index","follow":"follow","max-snippet":"max-snippet:-1","max-image-preview":"max-image-preview:large","max-video-preview":"max-video-preview:-1"},"canonical":"https:\/\/bdbcn2002.com\/ca\/quienes-somos\/","og_locale":"ca_ES","og_type":"article","og_title":"Quienes Somos - Toldos, P\u00e9rgloas, Parasoles","og_description":"Especialistas en el dise\u00f1o e instalaci\u00f3n de toldos en terrazas, patios o jardines. proporcionando sombra y protecci\u00f3n contra el sol, la lluvia o el viento.","og_url":"https:\/\/bdbcn2002.com\/ca\/quienes-somos\/","og_site_name":"Toldos, P\u00e9rgloas, Parasoles","article_modified_time":"2026-03-17T16:00:14+00:00","og_image":[{"width":512,"height":381,"url":"https:\/\/bdbcn2002.com\/wp-content\/uploads\/2023\/10\/bdbcn2002-1.png","type":"image\/png"}],"twitter_card":"summary_large_image","twitter_misc":{"Temps estimat de lectura":"3 minuts"},"schema":{"@context":"https:\/\/schema.org","@graph":[{"@type":"WebPage","@id":"https:\/\/bdbcn2002.com\/quienes-somos\/","url":"https:\/\/bdbcn2002.com\/quienes-somos\/","name":"Quienes Somos - Toldos, P\u00e9rgloas, Parasoles","isPartOf":{"@id":"https:\/\/bdbcn2002.com\/#website"},"primaryImageOfPage":{"@id":"https:\/\/bdbcn2002.com\/quienes-somos\/#primaryimage"},"image":{"@id":"https:\/\/bdbcn2002.com\/quienes-somos\/#primaryimage"},"thumbnailUrl":"https:\/\/bdbcn2002.com\/wp-content\/uploads\/2023\/10\/bdbcn2002-1.png","datePublished":"2026-02-27T10:37:53+00:00","dateModified":"2026-03-17T16:00:14+00:00","description":"Especialistas en el dise\u00f1o e instalaci\u00f3n de toldos en terrazas, patios o jardines. proporcionando sombra y protecci\u00f3n contra el sol, la lluvia o el viento.","breadcrumb":{"@id":"https:\/\/bdbcn2002.com\/quienes-somos\/#breadcrumb"},"inLanguage":"ca","potentialAction":[{"@type":"ReadAction","target":["https:\/\/bdbcn2002.com\/quienes-somos\/"]}]},{"@type":"ImageObject","inLanguage":"ca","@id":"https:\/\/bdbcn2002.com\/quienes-somos\/#primaryimage","url":"https:\/\/bdbcn2002.com\/wp-content\/uploads\/2023\/10\/bdbcn2002-1.png","contentUrl":"https:\/\/bdbcn2002.com\/wp-content\/uploads\/2023\/10\/bdbcn2002-1.png","width":512,"height":381},{"@type":"BreadcrumbList","@id":"https:\/\/bdbcn2002.com\/quienes-somos\/#breadcrumb","itemListElement":[{"@type":"ListItem","position":1,"name":"Portada","item":"https:\/\/bdbcn2002.com\/"},{"@type":"ListItem","position":2,"name":"Quienes Somos"}]},{"@type":"WebSite","@id":"https:\/\/bdbcn2002.com\/#website","url":"https:\/\/bdbcn2002.com\/","name":"BDBCN - Proyectos de protecci\u00f3n solar","description":"Toldos, P\u00e9rgloas, Parasoles y proyectos  de protecci\u00f3n solar en Barcelona","publisher":{"@id":"https:\/\/bdbcn2002.com\/#organization"},"alternateName":"BDBCN","potentialAction":[{"@type":"SearchAction","target":{"@type":"EntryPoint","urlTemplate":"https:\/\/bdbcn2002.com\/?s={search_term_string}"},"query-input":{"@type":"PropertyValueSpecification","valueRequired":true,"valueName":"search_term_string"}}],"inLanguage":"ca"},{"@type":"Organization","@id":"https:\/\/bdbcn2002.com\/#organization","name":"BDBCN - Proyectos de protecci\u00f3n solar","url":"https:\/\/bdbcn2002.com\/","logo":{"@type":"ImageObject","inLanguage":"ca","@id":"https:\/\/bdbcn2002.com\/#\/schema\/logo\/image\/","url":"https:\/\/bdbcn2002.com\/wp-content\/uploads\/2023\/06\/Captura.png","contentUrl":"https:\/\/bdbcn2002.com\/wp-content\/uploads\/2023\/06\/Captura.png","width":375,"height":410,"caption":"BDBCN - Proyectos de protecci\u00f3n solar"},"image":{"@id":"https:\/\/bdbcn2002.com\/#\/schema\/logo\/image\/"}}]}},"_links":{"self":[{"href":"https:\/\/bdbcn2002.com\/ca\/wp-json\/wp\/v2\/pages\/6376","targetHints":{"allow":["GET"]}}],"collection":[{"href":"https:\/\/bdbcn2002.com\/ca\/wp-json\/wp\/v2\/pages"}],"about":[{"href":"https:\/\/bdbcn2002.com\/ca\/wp-json\/wp\/v2\/types\/page"}],"author":[{"embeddable":true,"href":"https:\/\/bdbcn2002.com\/ca\/wp-json\/wp\/v2\/users\/1"}],"replies":[{"embeddable":true,"href":"https:\/\/bdbcn2002.com\/ca\/wp-json\/wp\/v2\/comments?post=6376"}],"version-history":[{"count":65,"href":"https:\/\/bdbcn2002.com\/ca\/wp-json\/wp\/v2\/pages\/6376\/revisions"}],"predecessor-version":[{"id":7255,"href":"https:\/\/bdbcn2002.com\/ca\/wp-json\/wp\/v2\/pages\/6376\/revisions\/7255"}],"wp:featuredmedia":[{"embeddable":true,"href":"https:\/\/bdbcn2002.com\/ca\/wp-json\/wp\/v2\/media\/6180"}],"wp:attachment":[{"href":"https:\/\/bdbcn2002.com\/ca\/wp-json\/wp\/v2\/media?parent=6376"}],"curies":[{"name":"wp","href":"https:\/\/api.w.org\/{rel}","templated":true}]}}