{"id":6748,"date":"2026-03-10T09:45:25","date_gmt":"2026-03-10T09:45:25","guid":{"rendered":"https:\/\/dev.bdbcn2002.com\/?page_id=6748"},"modified":"2026-03-11T15:59:22","modified_gmt":"2026-03-11T15:59:22","slug":"faqs","status":"publish","type":"page","link":"https:\/\/bdbcn2002.com\/ca\/faqs\/","title":{"rendered":"FAQs"},"content":{"rendered":"\t\t<div data-elementor-type=\"wp-page\" data-elementor-id=\"6748\" class=\"elementor elementor-6748\">\n\t\t\t\t\t\t<section class=\"elementor-section elementor-top-section elementor-element elementor-element-d7d1253 elementor-section-height-min-height elementor-section-boxed elementor-section-height-default elementor-section-items-middle\" data-id=\"d7d1253\" data-element_type=\"section\" data-e-type=\"section\" data-settings=\"{&quot;background_background&quot;:&quot;classic&quot;}\">\n\t\t\t\t\t\t<div class=\"elementor-container elementor-column-gap-default\">\n\t\t\t\t\t<div class=\"elementor-column elementor-col-100 elementor-top-column elementor-element elementor-element-650e5b3 ot-flex-column-vertical\" data-id=\"650e5b3\" data-element_type=\"column\" data-e-type=\"column\" data-settings=\"{&quot;background_background&quot;:&quot;classic&quot;}\">\n\t\t\t<div class=\"elementor-widget-wrap elementor-element-populated\">\n\t\t\t\t\t\t<div class=\"elementor-element elementor-element-2073440 elementor-widget elementor-widget-heading\" data-id=\"2073440\" data-element_type=\"widget\" data-e-type=\"widget\" data-widget_type=\"heading.default\">\n\t\t\t\t<div class=\"elementor-widget-container\">\n\t\t\t\t\t<h2 class=\"elementor-heading-title elementor-size-default\">FAQs<\/h2>\t\t\t\t<\/div>\n\t\t\t\t<\/div>\n\t\t\t\t\t<\/div>\n\t\t<\/div>\n\t\t\t\t\t<\/div>\n\t\t<\/section>\n\t\t\t\t<section class=\"elementor-section elementor-top-section elementor-element elementor-element-189a4efb elementor-section-boxed elementor-section-height-default elementor-section-height-default\" data-id=\"189a4efb\" data-element_type=\"section\" data-e-type=\"section\">\n\t\t\t\t\t\t<div class=\"elementor-container elementor-column-gap-default\">\n\t\t\t\t\t<div class=\"elementor-column elementor-col-100 elementor-top-column elementor-element elementor-element-32b78d5c ot-flex-column-vertical\" data-id=\"32b78d5c\" data-element_type=\"column\" data-e-type=\"column\">\n\t\t\t<div class=\"elementor-widget-wrap elementor-element-populated\">\n\t\t\t\t\t\t<div class=\"elementor-element elementor-element-6b19b886 theratio-align-center elementor-widget elementor-widget-iheading\" data-id=\"6b19b886\" data-element_type=\"widget\" data-e-type=\"widget\" data-widget_type=\"iheading.default\">\n\t\t\t\t<div class=\"elementor-widget-container\">\n\t\t\t\t\t\t\t<div class=\"ot-heading is-dots\">\n\t        \t            <span>[ FAQ`s ]<\/span>\n\t        \t        <h2 class=\"main-heading\">Preguntas m\u00e1s populares<\/h2>\n\t        \t    <\/div>\n\t    \t\t\t\t<\/div>\n\t\t\t\t<\/div>\n\t\t\t\t<section class=\"elementor-section elementor-inner-section elementor-element elementor-element-2767409f elementor-section-full_width elementor-section-height-default elementor-section-height-default\" data-id=\"2767409f\" data-element_type=\"section\" data-e-type=\"section\">\n\t\t\t\t\t\t<div class=\"elementor-container elementor-column-gap-extended\">\n\t\t\t\t\t<div class=\"elementor-column elementor-col-50 elementor-inner-column elementor-element elementor-element-4ad044cb ot-flex-column-vertical\" data-id=\"4ad044cb\" data-element_type=\"column\" data-e-type=\"column\">\n\t\t\t<div class=\"elementor-widget-wrap elementor-element-populated\">\n\t\t\t\t\t\t<div class=\"elementor-element elementor-element-5a5e1056 elementor-widget elementor-widget-iaccordions\" data-id=\"5a5e1056\" data-element_type=\"widget\" data-e-type=\"widget\" data-widget_type=\"iaccordions.default\">\n\t\t\t\t<div class=\"elementor-widget-container\">\n\t\t\t\t\t\n\t\t<div class=\"ot-accordions\">\n\t\t\t\t\t\t<div class=\"acc-item\">\n\t\t\t\t<div class=\"acc-toggle flex-middle\" data-default=\"yes\">\u00bfBuenos d\u00edas, qu\u00e9 zona de actuaci\u00f3n ten\u00e9is? \n\t\t\t\t\t\t\t\t\t\t\t\t\t\t\t\t\t\t<span class=\"down\"><i class=\"fas fa-plus\"><\/i><\/span>\n\t\t\t\t\t\t\t<span class=\"up\"><i class=\"far fa-window-minimize\"><\/i><\/span>\n\t\t\t\t\t\t\t\t\t\t\t\t\t\t\t<\/div>\n\t\t\t\t<div class=\"acc-content\">\n\t\t\t\t\t<p><span style=\"font-weight: 400; color: #000000;\">Damos servicio a toda Catalunya, principalmente nuestra \u00e1rea m\u00e1s com\u00fan es la provincia de Barcelona.<\/span><\/p>\t\t\t\t<\/div>\n\t\t\t<\/div>\n\t\t\t\t\t\t<div class=\"acc-item\">\n\t\t\t\t<div class=\"acc-toggle flex-middle\" data-default=\"\">\u00bfQu\u00e9 tipo de toldo me conviene m\u00e1s? \n\t\t\t\t\t\t\t\t\t\t\t\t\t\t\t\t\t\t<span class=\"down\"><i class=\"fas fa-plus\"><\/i><\/span>\n\t\t\t\t\t\t\t<span class=\"up\"><i class=\"far fa-window-minimize\"><\/i><\/span>\n\t\t\t\t\t\t\t\t\t\t\t\t\t\t\t<\/div>\n\t\t\t\t<div class=\"acc-content\">\n\t\t\t\t\t<p><span style=\"font-weight: 400; color: #000000;\">Disponemos de una amplia variedad de productos, los cuales se adaptan a las diferentes necesidades de nuestros clientes, balcones, terrazas, ventanales. Aconsejamos la visita de nuestros t\u00e9cnicos, sin ning\u00fan compromiso para dar siempre el mejor asesoramiento totalmente personalizado a sus necesidades.<\/span><\/p>\t\t\t\t<\/div>\n\t\t\t<\/div>\n\t\t\t\t\t\t<div class=\"acc-item\">\n\t\t\t\t<div class=\"acc-toggle flex-middle\" data-default=\"\">\u00bfCu\u00e1ntos a\u00f1os dura un toldo? \n\t\t\t\t\t\t\t\t\t\t\t\t\t\t\t\t\t\t<span class=\"down\"><i class=\"fas fa-plus\"><\/i><\/span>\n\t\t\t\t\t\t\t<span class=\"up\"><i class=\"far fa-window-minimize\"><\/i><\/span>\n\t\t\t\t\t\t\t\t\t\t\t\t\t\t\t<\/div>\n\t\t\t\t<div class=\"acc-content\">\n\t\t\t\t\t<p><span style=\"font-weight: 400; color: #000000;\">Los toldos est\u00e1n fabricados con estructura 100% de aluminio, por lo que la duraci\u00f3n de los mismos est\u00e1 garantizada durante muchos a\u00f1os. Los tejidos acr\u00edlicos 100% con el debido cuidado, pueden tener una vida \u00fatil de 10-12 a\u00f1os, aunque se recomienda cambiar la lona cada 5-6 a\u00f1os.<\/span><\/p>\t\t\t\t<\/div>\n\t\t\t<\/div>\n\t\t\t\t\t\t<div class=\"acc-item\">\n\t\t\t\t<div class=\"acc-toggle flex-middle\" data-default=\"\">\u00bfNecesito alg\u00fan permiso para poner el toldo? \n\t\t\t\t\t\t\t\t\t\t\t\t\t\t\t\t\t\t<span class=\"down\"><i class=\"fas fa-plus\"><\/i><\/span>\n\t\t\t\t\t\t\t<span class=\"up\"><i class=\"far fa-window-minimize\"><\/i><\/span>\n\t\t\t\t\t\t\t\t\t\t\t\t\t\t\t<\/div>\n\t\t\t\t<div class=\"acc-content\">\n\t\t\t\t\t<p><span style=\"font-weight: 400; color: #000000;\">Por norma general no, pero en comunidades hay que respetar las normas de los estatutos de la comunidad tanto en color del tejido como en modelo.<\/span><\/p>\t\t\t\t<\/div>\n\t\t\t<\/div>\n\t\t\t\t\t\t<div class=\"acc-item\">\n\t\t\t\t<div class=\"acc-toggle flex-middle\" data-default=\"\">\u00bfPuedo recoger mi toldo motorizado cuando se va la luz? \n\t\t\t\t\t\t\t\t\t\t\t\t\t\t\t\t\t\t<span class=\"down\"><i class=\"fas fa-plus\"><\/i><\/span>\n\t\t\t\t\t\t\t<span class=\"up\"><i class=\"far fa-window-minimize\"><\/i><\/span>\n\t\t\t\t\t\t\t\t\t\t\t\t\t\t\t<\/div>\n\t\t\t\t<div class=\"acc-content\">\n\t\t\t\t\t<p><span style=\"font-weight: 400; color: #000000;\">No se puede a no ser que el cliente disponga de una bater\u00eda autonoma portatil.<\/span><\/p>\t\t\t\t<\/div>\n\t\t\t<\/div>\n\t\t\t\t    <\/div>\n\n\t    \t\t\t\t<\/div>\n\t\t\t\t<\/div>\n\t\t\t\t\t<\/div>\n\t\t<\/div>\n\t\t\t\t<div class=\"elementor-column elementor-col-50 elementor-inner-column elementor-element elementor-element-2db14676 ot-flex-column-vertical\" data-id=\"2db14676\" data-element_type=\"column\" data-e-type=\"column\">\n\t\t\t<div class=\"elementor-widget-wrap elementor-element-populated\">\n\t\t\t\t\t\t<div class=\"elementor-element elementor-element-6785f750 elementor-widget elementor-widget-iaccordions\" data-id=\"6785f750\" data-element_type=\"widget\" data-e-type=\"widget\" data-widget_type=\"iaccordions.default\">\n\t\t\t\t<div class=\"elementor-widget-container\">\n\t\t\t\t\t\n\t\t<div class=\"ot-accordions\">\n\t\t\t\t\t\t<div class=\"acc-item\">\n\t\t\t\t<div class=\"acc-toggle flex-middle\" data-default=\"yes\">\u00bfPuedo motorizar un toldo que ya tengo? \n\t\t\t\t\t\t\t\t\t\t\t\t\t\t\t\t\t\t<span class=\"down\"><i class=\"fas fa-plus\"><\/i><\/span>\n\t\t\t\t\t\t\t<span class=\"up\"><i class=\"far fa-window-minimize\"><\/i><\/span>\n\t\t\t\t\t\t\t\t\t\t\t\t\t\t\t<\/div>\n\t\t\t\t<div class=\"acc-content\">\n\t\t\t\t\t<p><span style=\"font-weight: 400; color: #000000;\">Si, pr\u00e1cticamente se pueden motorizar la totalidad de los toldos. Tambi\u00e9n podemos integrarlos en sistemas de dom\u00f3tica existentes.<\/span><\/p>\t\t\t\t<\/div>\n\t\t\t<\/div>\n\t\t\t\t\t\t<div class=\"acc-item\">\n\t\t\t\t<div class=\"acc-toggle flex-middle\" data-default=\"\">\u00bfEs impermeable mi toldo? \n\t\t\t\t\t\t\t\t\t\t\t\t\t\t\t\t\t\t<span class=\"down\"><i class=\"fas fa-plus\"><\/i><\/span>\n\t\t\t\t\t\t\t<span class=\"up\"><i class=\"far fa-window-minimize\"><\/i><\/span>\n\t\t\t\t\t\t\t\t\t\t\t\t\t\t\t<\/div>\n\t\t\t\t<div class=\"acc-content\">\n\t\t\t\t\t<p><span style=\"font-weight: 400; color: #000000;\">En principio los toldos no se deben usar para protecci\u00f3n de lluvia, aunque existen tejidos impermeables. Se tendr\u00eda que valorar en cada caso las necesidades del cliente. Disponemos de p\u00e9rgolas automatizadas con prestaciones mayores, sol, lluvia, fuerte viento\u2026\u2026<\/span><\/p>\t\t\t\t<\/div>\n\t\t\t<\/div>\n\t\t\t\t\t\t<div class=\"acc-item\">\n\t\t\t\t<div class=\"acc-toggle flex-middle\" data-default=\"\">\u00bfQue color de toldo es mejor para quitar el calor de la vivienda? \n\t\t\t\t\t\t\t\t\t\t\t\t\t\t\t\t\t\t<span class=\"down\"><i class=\"fas fa-plus\"><\/i><\/span>\n\t\t\t\t\t\t\t<span class=\"up\"><i class=\"far fa-window-minimize\"><\/i><\/span>\n\t\t\t\t\t\t\t\t\t\t\t\t\t\t\t<\/div>\n\t\t\t\t<div class=\"acc-content\">\n\t\t\t\t\t<p><span style=\"font-weight: 400; color: #000000;\">Los tejidos claros ofrecen una buena protecci\u00f3n solar sin oscurecer el ambiente interior, ya que no acumulan tanto el calor como los colores oscuros. Contrariamente, los colores oscuros acumulan m\u00e1s calor pero a la vez, ofrecen una mayor sombra a la vivienda.<\/span><\/p>\t\t\t\t<\/div>\n\t\t\t<\/div>\n\t\t\t\t\t\t<div class=\"acc-item\">\n\t\t\t\t<div class=\"acc-toggle flex-middle\" data-default=\"\">\u00bfQu\u00e9 viento soporta un toldo? \n\t\t\t\t\t\t\t\t\t\t\t\t\t\t\t\t\t\t<span class=\"down\"><i class=\"fas fa-plus\"><\/i><\/span>\n\t\t\t\t\t\t\t<span class=\"up\"><i class=\"far fa-window-minimize\"><\/i><\/span>\n\t\t\t\t\t\t\t\t\t\t\t\t\t\t\t<\/div>\n\t\t\t\t<div class=\"acc-content\">\n\t\t\t\t\t<p><span style=\"font-weight: 400; color: #000000;\">Dependiendo de la medida del toldo obtendremos mayor o menor resistencia, aunque un toldo tiene que resistir un clase 3 de viento. Si necesitamos m\u00e1s prestaciones en este aspecto, es mejor instalar una p\u00e9rgola.<\/span><\/p>\t\t\t\t<\/div>\n\t\t\t<\/div>\n\t\t\t\t\t\t<div class=\"acc-item\">\n\t\t\t\t<div class=\"acc-toggle flex-middle\" data-default=\"\">\u00bfQu\u00e9 ventajas me ofrece una p\u00e9rgola con respecto a un toldo? \n\t\t\t\t\t\t\t\t\t\t\t\t\t\t\t\t\t\t<span class=\"down\"><i class=\"fas fa-plus\"><\/i><\/span>\n\t\t\t\t\t\t\t<span class=\"up\"><i class=\"far fa-window-minimize\"><\/i><\/span>\n\t\t\t\t\t\t\t\t\t\t\t\t\t\t\t<\/div>\n\t\t\t\t<div class=\"acc-content\">\n\t\t\t\t\t<p><span style=\"font-weight: 400; color: #000000;\">Principalmente la p\u00e9rgola tiene una mayor resistencia al viento y lluvia. Disponemos de modelos de p\u00e9rgolas de techo m\u00f3vil o retr\u00e1ctil con garant\u00eda de viento de hasta 120 Km\/h e impermeabilidad total. Tambi\u00e9n disponemos de p\u00e9rgolas con techo totalmente opaco que ofrecen un mayor confort t\u00e9rmico.<\/span><\/p>\t\t\t\t<\/div>\n\t\t\t<\/div>\n\t\t\t\t    <\/div>\n\n\t    \t\t\t\t<\/div>\n\t\t\t\t<\/div>\n\t\t\t\t\t<\/div>\n\t\t<\/div>\n\t\t\t\t\t<\/div>\n\t\t<\/section>\n\t\t\t\t\t<\/div>\n\t\t<\/div>\n\t\t\t\t\t<\/div>\n\t\t<\/section>\n\t\t\t\t<\/div>\n\t\t","protected":false},"excerpt":{"rendered":"<p>FAQs [ FAQ`s ] Preguntas m\u00e1s populares \u00bfBuenos d\u00edas, qu\u00e9 zona de actuaci\u00f3n ten\u00e9is? Damos servicio a toda Catalunya, principalmente nuestra \u00e1rea m\u00e1s com\u00fan es la provincia de Barcelona. \u00bfQu\u00e9 tipo de toldo me conviene m\u00e1s? Disponemos de una amplia variedad de productos, los cuales se adaptan a las diferentes necesidades de nuestros clientes, balcones, [&hellip;]<\/p>\n","protected":false},"author":1,"featured_media":6180,"parent":0,"menu_order":0,"comment_status":"closed","ping_status":"closed","template":"","meta":{"footnotes":""},"class_list":["post-6748","page","type-page","status-publish","has-post-thumbnail","hentry"],"yoast_head":"<!-- This site is optimized with the Yoast SEO plugin v27.2 - https:\/\/yoast.com\/product\/yoast-seo-wordpress\/ -->\n<title>FAQs - Toldos, P\u00e9rgloas, Parasoles<\/title>\n<meta name=\"description\" content=\"Especialistas en el dise\u00f1o e instalaci\u00f3n de toldos en terrazas, patios o jardines. proporcionando sombra y protecci\u00f3n contra el sol, la lluvia o el viento.\" \/>\n<meta name=\"robots\" content=\"index, follow, max-snippet:-1, max-image-preview:large, max-video-preview:-1\" \/>\n<link rel=\"canonical\" href=\"https:\/\/bdbcn2002.com\/ca\/faqs\/\" \/>\n<meta property=\"og:locale\" content=\"ca_ES\" \/>\n<meta property=\"og:type\" content=\"article\" \/>\n<meta property=\"og:title\" content=\"FAQs - Toldos, P\u00e9rgloas, Parasoles\" \/>\n<meta property=\"og:description\" content=\"Especialistas en el dise\u00f1o e instalaci\u00f3n de toldos en terrazas, patios o jardines. proporcionando sombra y protecci\u00f3n contra el sol, la lluvia o el viento.\" \/>\n<meta property=\"og:url\" content=\"https:\/\/bdbcn2002.com\/ca\/faqs\/\" \/>\n<meta property=\"og:site_name\" content=\"Toldos, P\u00e9rgloas, Parasoles\" \/>\n<meta property=\"article:modified_time\" content=\"2026-03-11T15:59:22+00:00\" \/>\n<meta property=\"og:image\" content=\"https:\/\/bdbcn2002.com\/wp-content\/uploads\/2023\/10\/bdbcn2002-1.png\" \/>\n\t<meta property=\"og:image:width\" content=\"512\" \/>\n\t<meta property=\"og:image:height\" content=\"381\" \/>\n\t<meta property=\"og:image:type\" content=\"image\/png\" \/>\n<meta name=\"twitter:card\" content=\"summary_large_image\" \/>\n<meta name=\"twitter:label1\" content=\"Temps estimat de lectura\" \/>\n\t<meta name=\"twitter:data1\" content=\"2 minuts\" \/>\n<script type=\"application\/ld+json\" class=\"yoast-schema-graph\">{\"@context\":\"https:\/\/schema.org\",\"@graph\":[{\"@type\":\"WebPage\",\"@id\":\"https:\/\/bdbcn2002.com\/faqs\/\",\"url\":\"https:\/\/bdbcn2002.com\/faqs\/\",\"name\":\"FAQs - Toldos, P\u00e9rgloas, Parasoles\",\"isPartOf\":{\"@id\":\"https:\/\/bdbcn2002.com\/#website\"},\"primaryImageOfPage\":{\"@id\":\"https:\/\/bdbcn2002.com\/faqs\/#primaryimage\"},\"image\":{\"@id\":\"https:\/\/bdbcn2002.com\/faqs\/#primaryimage\"},\"thumbnailUrl\":\"https:\/\/bdbcn2002.com\/wp-content\/uploads\/2023\/10\/bdbcn2002-1.png\",\"datePublished\":\"2026-03-10T09:45:25+00:00\",\"dateModified\":\"2026-03-11T15:59:22+00:00\",\"description\":\"Especialistas en el dise\u00f1o e instalaci\u00f3n de toldos en terrazas, patios o jardines. proporcionando sombra y protecci\u00f3n contra el sol, la lluvia o el viento.\",\"breadcrumb\":{\"@id\":\"https:\/\/bdbcn2002.com\/faqs\/#breadcrumb\"},\"inLanguage\":\"ca\",\"potentialAction\":[{\"@type\":\"ReadAction\",\"target\":[\"https:\/\/bdbcn2002.com\/faqs\/\"]}]},{\"@type\":\"ImageObject\",\"inLanguage\":\"ca\",\"@id\":\"https:\/\/bdbcn2002.com\/faqs\/#primaryimage\",\"url\":\"https:\/\/bdbcn2002.com\/wp-content\/uploads\/2023\/10\/bdbcn2002-1.png\",\"contentUrl\":\"https:\/\/bdbcn2002.com\/wp-content\/uploads\/2023\/10\/bdbcn2002-1.png\",\"width\":512,\"height\":381},{\"@type\":\"BreadcrumbList\",\"@id\":\"https:\/\/bdbcn2002.com\/faqs\/#breadcrumb\",\"itemListElement\":[{\"@type\":\"ListItem\",\"position\":1,\"name\":\"Portada\",\"item\":\"https:\/\/bdbcn2002.com\/\"},{\"@type\":\"ListItem\",\"position\":2,\"name\":\"FAQs\"}]},{\"@type\":\"WebSite\",\"@id\":\"https:\/\/bdbcn2002.com\/#website\",\"url\":\"https:\/\/bdbcn2002.com\/\",\"name\":\"BDBCN - Proyectos de protecci\u00f3n solar\",\"description\":\"Toldos, P\u00e9rgloas, Parasoles y proyectos  de protecci\u00f3n solar en Barcelona\",\"publisher\":{\"@id\":\"https:\/\/bdbcn2002.com\/#organization\"},\"alternateName\":\"BDBCN\",\"potentialAction\":[{\"@type\":\"SearchAction\",\"target\":{\"@type\":\"EntryPoint\",\"urlTemplate\":\"https:\/\/bdbcn2002.com\/?s={search_term_string}\"},\"query-input\":{\"@type\":\"PropertyValueSpecification\",\"valueRequired\":true,\"valueName\":\"search_term_string\"}}],\"inLanguage\":\"ca\"},{\"@type\":\"Organization\",\"@id\":\"https:\/\/bdbcn2002.com\/#organization\",\"name\":\"BDBCN - Proyectos de protecci\u00f3n solar\",\"url\":\"https:\/\/bdbcn2002.com\/\",\"logo\":{\"@type\":\"ImageObject\",\"inLanguage\":\"ca\",\"@id\":\"https:\/\/bdbcn2002.com\/#\/schema\/logo\/image\/\",\"url\":\"https:\/\/bdbcn2002.com\/wp-content\/uploads\/2023\/06\/Captura.png\",\"contentUrl\":\"https:\/\/bdbcn2002.com\/wp-content\/uploads\/2023\/06\/Captura.png\",\"width\":375,\"height\":410,\"caption\":\"BDBCN - Proyectos de protecci\u00f3n solar\"},\"image\":{\"@id\":\"https:\/\/bdbcn2002.com\/#\/schema\/logo\/image\/\"}}]}<\/script>\n<!-- \/ Yoast SEO plugin. -->","yoast_head_json":{"title":"FAQs - Toldos, P\u00e9rgloas, Parasoles","description":"Especialistas en el dise\u00f1o e instalaci\u00f3n de toldos en terrazas, patios o jardines. proporcionando sombra y protecci\u00f3n contra el sol, la lluvia o el viento.","robots":{"index":"index","follow":"follow","max-snippet":"max-snippet:-1","max-image-preview":"max-image-preview:large","max-video-preview":"max-video-preview:-1"},"canonical":"https:\/\/bdbcn2002.com\/ca\/faqs\/","og_locale":"ca_ES","og_type":"article","og_title":"FAQs - Toldos, P\u00e9rgloas, Parasoles","og_description":"Especialistas en el dise\u00f1o e instalaci\u00f3n de toldos en terrazas, patios o jardines. proporcionando sombra y protecci\u00f3n contra el sol, la lluvia o el viento.","og_url":"https:\/\/bdbcn2002.com\/ca\/faqs\/","og_site_name":"Toldos, P\u00e9rgloas, Parasoles","article_modified_time":"2026-03-11T15:59:22+00:00","og_image":[{"width":512,"height":381,"url":"https:\/\/bdbcn2002.com\/wp-content\/uploads\/2023\/10\/bdbcn2002-1.png","type":"image\/png"}],"twitter_card":"summary_large_image","twitter_misc":{"Temps estimat de lectura":"2 minuts"},"schema":{"@context":"https:\/\/schema.org","@graph":[{"@type":"WebPage","@id":"https:\/\/bdbcn2002.com\/faqs\/","url":"https:\/\/bdbcn2002.com\/faqs\/","name":"FAQs - Toldos, P\u00e9rgloas, Parasoles","isPartOf":{"@id":"https:\/\/bdbcn2002.com\/#website"},"primaryImageOfPage":{"@id":"https:\/\/bdbcn2002.com\/faqs\/#primaryimage"},"image":{"@id":"https:\/\/bdbcn2002.com\/faqs\/#primaryimage"},"thumbnailUrl":"https:\/\/bdbcn2002.com\/wp-content\/uploads\/2023\/10\/bdbcn2002-1.png","datePublished":"2026-03-10T09:45:25+00:00","dateModified":"2026-03-11T15:59:22+00:00","description":"Especialistas en el dise\u00f1o e instalaci\u00f3n de toldos en terrazas, patios o jardines. proporcionando sombra y protecci\u00f3n contra el sol, la lluvia o el viento.","breadcrumb":{"@id":"https:\/\/bdbcn2002.com\/faqs\/#breadcrumb"},"inLanguage":"ca","potentialAction":[{"@type":"ReadAction","target":["https:\/\/bdbcn2002.com\/faqs\/"]}]},{"@type":"ImageObject","inLanguage":"ca","@id":"https:\/\/bdbcn2002.com\/faqs\/#primaryimage","url":"https:\/\/bdbcn2002.com\/wp-content\/uploads\/2023\/10\/bdbcn2002-1.png","contentUrl":"https:\/\/bdbcn2002.com\/wp-content\/uploads\/2023\/10\/bdbcn2002-1.png","width":512,"height":381},{"@type":"BreadcrumbList","@id":"https:\/\/bdbcn2002.com\/faqs\/#breadcrumb","itemListElement":[{"@type":"ListItem","position":1,"name":"Portada","item":"https:\/\/bdbcn2002.com\/"},{"@type":"ListItem","position":2,"name":"FAQs"}]},{"@type":"WebSite","@id":"https:\/\/bdbcn2002.com\/#website","url":"https:\/\/bdbcn2002.com\/","name":"BDBCN - Proyectos de protecci\u00f3n solar","description":"Toldos, P\u00e9rgloas, Parasoles y proyectos  de protecci\u00f3n solar en Barcelona","publisher":{"@id":"https:\/\/bdbcn2002.com\/#organization"},"alternateName":"BDBCN","potentialAction":[{"@type":"SearchAction","target":{"@type":"EntryPoint","urlTemplate":"https:\/\/bdbcn2002.com\/?s={search_term_string}"},"query-input":{"@type":"PropertyValueSpecification","valueRequired":true,"valueName":"search_term_string"}}],"inLanguage":"ca"},{"@type":"Organization","@id":"https:\/\/bdbcn2002.com\/#organization","name":"BDBCN - Proyectos de protecci\u00f3n solar","url":"https:\/\/bdbcn2002.com\/","logo":{"@type":"ImageObject","inLanguage":"ca","@id":"https:\/\/bdbcn2002.com\/#\/schema\/logo\/image\/","url":"https:\/\/bdbcn2002.com\/wp-content\/uploads\/2023\/06\/Captura.png","contentUrl":"https:\/\/bdbcn2002.com\/wp-content\/uploads\/2023\/06\/Captura.png","width":375,"height":410,"caption":"BDBCN - Proyectos de protecci\u00f3n solar"},"image":{"@id":"https:\/\/bdbcn2002.com\/#\/schema\/logo\/image\/"}}]}},"_links":{"self":[{"href":"https:\/\/bdbcn2002.com\/ca\/wp-json\/wp\/v2\/pages\/6748","targetHints":{"allow":["GET"]}}],"collection":[{"href":"https:\/\/bdbcn2002.com\/ca\/wp-json\/wp\/v2\/pages"}],"about":[{"href":"https:\/\/bdbcn2002.com\/ca\/wp-json\/wp\/v2\/types\/page"}],"author":[{"embeddable":true,"href":"https:\/\/bdbcn2002.com\/ca\/wp-json\/wp\/v2\/users\/1"}],"replies":[{"embeddable":true,"href":"https:\/\/bdbcn2002.com\/ca\/wp-json\/wp\/v2\/comments?post=6748"}],"version-history":[{"count":9,"href":"https:\/\/bdbcn2002.com\/ca\/wp-json\/wp\/v2\/pages\/6748\/revisions"}],"predecessor-version":[{"id":6937,"href":"https:\/\/bdbcn2002.com\/ca\/wp-json\/wp\/v2\/pages\/6748\/revisions\/6937"}],"wp:featuredmedia":[{"embeddable":true,"href":"https:\/\/bdbcn2002.com\/ca\/wp-json\/wp\/v2\/media\/6180"}],"wp:attachment":[{"href":"https:\/\/bdbcn2002.com\/ca\/wp-json\/wp\/v2\/media?parent=6748"}],"curies":[{"name":"wp","href":"https:\/\/api.w.org\/{rel}","templated":true}]}}