{"id":6757,"date":"2026-03-10T10:01:18","date_gmt":"2026-03-10T10:01:18","guid":{"rendered":"https:\/\/dev.bdbcn2002.com\/?page_id=6757"},"modified":"2026-03-27T11:15:50","modified_gmt":"2026-03-27T11:15:50","slug":"contacto","status":"publish","type":"page","link":"https:\/\/bdbcn2002.com\/ca\/contacto\/","title":{"rendered":"Contacte"},"content":{"rendered":"\t\t<div data-elementor-type=\"wp-page\" data-elementor-id=\"6757\" class=\"elementor elementor-6757\">\n\t\t\t\t\t\t<section class=\"elementor-section elementor-top-section elementor-element elementor-element-d7d1253 elementor-section-height-min-height elementor-section-boxed elementor-section-height-default elementor-section-items-middle\" data-id=\"d7d1253\" data-element_type=\"section\" data-e-type=\"section\" data-settings=\"{&quot;background_background&quot;:&quot;classic&quot;}\">\n\t\t\t\t\t\t<div class=\"elementor-container elementor-column-gap-default\">\n\t\t\t\t\t<div class=\"elementor-column elementor-col-100 elementor-top-column elementor-element elementor-element-650e5b3 ot-flex-column-vertical\" data-id=\"650e5b3\" data-element_type=\"column\" data-e-type=\"column\" data-settings=\"{&quot;background_background&quot;:&quot;classic&quot;}\">\n\t\t\t<div class=\"elementor-widget-wrap elementor-element-populated\">\n\t\t\t\t\t\t<div class=\"elementor-element elementor-element-2073440 elementor-widget elementor-widget-heading\" data-id=\"2073440\" data-element_type=\"widget\" data-e-type=\"widget\" data-widget_type=\"heading.default\">\n\t\t\t\t<div class=\"elementor-widget-container\">\n\t\t\t\t\t<h2 class=\"elementor-heading-title elementor-size-default\">Contacto<\/h2>\t\t\t\t<\/div>\n\t\t\t\t<\/div>\n\t\t\t\t\t<\/div>\n\t\t<\/div>\n\t\t\t\t\t<\/div>\n\t\t<\/section>\n\t\t\t\t<section class=\"elementor-section elementor-top-section elementor-element elementor-element-5ea74ede elementor-section-content-middle elementor-section-boxed elementor-section-height-default elementor-section-height-default\" data-id=\"5ea74ede\" data-element_type=\"section\" data-e-type=\"section\">\n\t\t\t\t\t\t<div class=\"elementor-container elementor-column-gap-extended\">\n\t\t\t\t\t<div class=\"elementor-column elementor-col-50 elementor-top-column elementor-element elementor-element-3b608eb5 ot-flex-column-vertical\" data-id=\"3b608eb5\" data-element_type=\"column\" data-e-type=\"column\" data-settings=\"{&quot;background_background&quot;:&quot;classic&quot;}\">\n\t\t\t<div class=\"elementor-widget-wrap elementor-element-populated\">\n\t\t\t\t\t\t<div class=\"elementor-element elementor-element-5d551656 elementor-widget elementor-widget-iheading\" data-id=\"5d551656\" data-element_type=\"widget\" data-e-type=\"widget\" data-widget_type=\"iheading.default\">\n\t\t\t\t<div class=\"elementor-widget-container\">\n\t\t\t\t\t\t\t<div class=\"ot-heading \">\n\t        \t            <span>[ nuestros datos ]<\/span>\n\t        \t        <h2 class=\"main-heading\">\u00bfIniciamos un proyecto?<\/h2>\n\t        \t    <\/div>\n\t    \t\t\t\t<\/div>\n\t\t\t\t<\/div>\n\t\t\t\t<div class=\"elementor-element elementor-element-450dba6e elementor-widget elementor-widget-text-editor\" data-id=\"450dba6e\" data-element_type=\"widget\" data-e-type=\"widget\" data-widget_type=\"text-editor.default\">\n\t\t\t\t<div class=\"elementor-widget-container\">\n\t\t\t\t\t\t\t\t\t<p>Ll\u00e1manos o env\u00edanos un correo en cualquier momento. Respondemos a todas las solicitudes en un m\u00e1ximo de 24 horas de lunes a viernes. Esperamos noticias tuyas.<\/p>\t\t\t\t\t\t\t\t<\/div>\n\t\t\t\t<\/div>\n\t\t\t\t<div class=\"elementor-element elementor-element-1d912ecb elementor-widget elementor-widget-icontact_info\" data-id=\"1d912ecb\" data-element_type=\"widget\" data-e-type=\"widget\" data-widget_type=\"icontact_info.default\">\n\t\t\t\t<div class=\"elementor-widget-container\">\n\t\t\t\t\t\t    \t<div class=\"contact-info\">\n\t\t        \t\t\t    \n\t\t\t    \t\t        <i class=\"ot-flaticon-place\"><\/i>\n\t\t        <div class=\"info-text\">\n\t\t        \t<h6>Direcci\u00f3n<\/h6>\t\t        \t<p>08850 - Gav\u00e0 <\/p>\t\t        <\/div>\n\t\t    <\/div>\n\t    \t\t\t\t<\/div>\n\t\t\t\t<\/div>\n\t\t\t\t<div class=\"elementor-element elementor-element-2ab12e5b elementor-widget elementor-widget-icontact_info\" data-id=\"2ab12e5b\" data-element_type=\"widget\" data-e-type=\"widget\" data-widget_type=\"icontact_info.default\">\n\t\t\t\t<div class=\"elementor-widget-container\">\n\t\t\t\t\t\t    \t<div class=\"contact-info\">\n\t\t        \t\t\t    \n\t\t\t    \t\t        <i class=\"ot-flaticon-mail\"><\/i>\n\t\t        <div class=\"info-text\">\n\t\t        \t<h6>Nuestro Email:<\/h6>\t\t        \t<p><a href=\"mailto:administracion@bdbcn2002.com\" title=\"Enviar correo administraci\u00f3n\">administracion@bdbcn2002.com<\/a>\n<\/p>\t\t        <\/div>\n\t\t    <\/div>\n\t    \t\t\t\t<\/div>\n\t\t\t\t<\/div>\n\t\t\t\t<div class=\"elementor-element elementor-element-37f5c253 elementor-widget elementor-widget-icontact_info\" data-id=\"37f5c253\" data-element_type=\"widget\" data-e-type=\"widget\" data-widget_type=\"icontact_info.default\">\n\t\t\t\t<div class=\"elementor-widget-container\">\n\t\t\t\t\t\t    \t<div class=\"contact-info\">\n\t\t        \t\t\t    \n\t\t\t    \t\t        <i class=\"ot-flaticon-phone-call\"><\/i>\n\t\t        <div class=\"info-text\">\n\t\t        \t<h6>M\u00f3vil:<\/h6>\t\t        \t<p><a href=\"tel:+34 646873187\">646 873 187<\/a><\/p>\t\t        <\/div>\n\t\t    <\/div>\n\t    \t\t\t\t<\/div>\n\t\t\t\t<\/div>\n\t\t\t\t<div class=\"elementor-element elementor-element-71985f86 e-grid-align-left elementor-shape-rounded elementor-grid-0 elementor-widget elementor-widget-social-icons\" data-id=\"71985f86\" data-element_type=\"widget\" data-e-type=\"widget\" data-widget_type=\"social-icons.default\">\n\t\t\t\t<div class=\"elementor-widget-container\">\n\t\t\t\t\t\t\t<div class=\"elementor-social-icons-wrapper elementor-grid\" role=\"list\">\n\t\t\t\t\t\t\t<span class=\"elementor-grid-item\" role=\"listitem\">\n\t\t\t\t\t<a class=\"elementor-icon elementor-social-icon elementor-social-icon-twitter elementor-repeater-item-049712d\" target=\"_blank\">\n\t\t\t\t\t\t<span class=\"elementor-screen-only\">Twitter<\/span>\n\t\t\t\t\t\t<i aria-hidden=\"true\" class=\"fab fa-twitter\"><\/i>\t\t\t\t\t<\/a>\n\t\t\t\t<\/span>\n\t\t\t\t\t\t\t<span class=\"elementor-grid-item\" role=\"listitem\">\n\t\t\t\t\t<a class=\"elementor-icon elementor-social-icon elementor-social-icon-facebook-f elementor-repeater-item-030f11b\" target=\"_blank\">\n\t\t\t\t\t\t<span class=\"elementor-screen-only\">Facebook-f<\/span>\n\t\t\t\t\t\t<i aria-hidden=\"true\" class=\"fab fa-facebook-f\"><\/i>\t\t\t\t\t<\/a>\n\t\t\t\t<\/span>\n\t\t\t\t\t\t\t<span class=\"elementor-grid-item\" role=\"listitem\">\n\t\t\t\t\t<a class=\"elementor-icon elementor-social-icon elementor-social-icon-linkedin-in elementor-repeater-item-9c6b4b3\" target=\"_blank\">\n\t\t\t\t\t\t<span class=\"elementor-screen-only\">Linkedin-in<\/span>\n\t\t\t\t\t\t<i aria-hidden=\"true\" class=\"fab fa-linkedin-in\"><\/i>\t\t\t\t\t<\/a>\n\t\t\t\t<\/span>\n\t\t\t\t\t\t\t<span class=\"elementor-grid-item\" role=\"listitem\">\n\t\t\t\t\t<a class=\"elementor-icon elementor-social-icon elementor-social-icon-instagram elementor-repeater-item-b977f7f\" target=\"_blank\">\n\t\t\t\t\t\t<span class=\"elementor-screen-only\">Instagram<\/span>\n\t\t\t\t\t\t<i aria-hidden=\"true\" class=\"fab fa-instagram\"><\/i>\t\t\t\t\t<\/a>\n\t\t\t\t<\/span>\n\t\t\t\t\t<\/div>\n\t\t\t\t\t\t<\/div>\n\t\t\t\t<\/div>\n\t\t\t\t\t<\/div>\n\t\t<\/div>\n\t\t\t\t<div class=\"elementor-column elementor-col-50 elementor-top-column elementor-element elementor-element-250a4c75 ot-flex-column-vertical\" data-id=\"250a4c75\" data-element_type=\"column\" data-e-type=\"column\">\n\t\t\t<div class=\"elementor-widget-wrap elementor-element-populated\">\n\t\t\t\t\t\t<div class=\"elementor-element elementor-element-dd0f1c7 elementor-widget elementor-widget-heading\" data-id=\"dd0f1c7\" data-element_type=\"widget\" data-e-type=\"widget\" data-widget_type=\"heading.default\">\n\t\t\t\t<div class=\"elementor-widget-container\">\n\t\t\t\t\t<h2 class=\"elementor-heading-title elementor-size-default\">Cont\u00e1ctanos<\/h2>\t\t\t\t<\/div>\n\t\t\t\t<\/div>\n\t\t\t\t<div class=\"elementor-element elementor-element-61bc8df6 form-contacto elementor-widget elementor-widget-shortcode\" data-id=\"61bc8df6\" data-element_type=\"widget\" data-e-type=\"widget\" data-widget_type=\"shortcode.default\">\n\t\t\t\t<div class=\"elementor-widget-container\">\n\t\t\t\t\t\t\t<div class=\"elementor-shortcode\">\n<div class=\"wpcf7 no-js\" id=\"wpcf7-f5-o1\" lang=\"en-US\" dir=\"ltr\" data-wpcf7-id=\"5\">\n<div class=\"screen-reader-response\"><p role=\"status\" aria-live=\"polite\" aria-atomic=\"true\"><\/p> <ul><\/ul><\/div>\n<form action=\"\/ca\/wp-json\/wp\/v2\/pages\/6757#wpcf7-f5-o1\" method=\"post\" class=\"wpcf7-form init\" aria-label=\"Contact form\" novalidate=\"novalidate\" data-status=\"init\">\n<fieldset class=\"hidden-fields-container\"><input type=\"hidden\" name=\"_wpcf7\" value=\"5\" \/><input type=\"hidden\" name=\"_wpcf7_version\" value=\"6.1.5\" \/><input type=\"hidden\" name=\"_wpcf7_locale\" value=\"en_US\" \/><input type=\"hidden\" name=\"_wpcf7_unit_tag\" value=\"wpcf7-f5-o1\" \/><input type=\"hidden\" name=\"_wpcf7_container_post\" value=\"0\" \/><input type=\"hidden\" name=\"_wpcf7_posted_data_hash\" value=\"\" \/>\n<\/fieldset>\n<div class=\"main-form\">\n\t<p class=\"font14\">Tu corrreo est\u00e1 salvo con nosotros. No compartiremos tus datos. *\n\t<\/p>\n\t<p><span class=\"wpcf7-form-control-wrap\" data-name=\"your-name\"><input size=\"40\" maxlength=\"400\" class=\"wpcf7-form-control wpcf7-text wpcf7-validates-as-required\" aria-required=\"true\" aria-invalid=\"false\" placeholder=\"Nombre *\" value=\"\" type=\"text\" name=\"your-name\" \/><\/span>\n\t<\/p>\n\t<p><span class=\"wpcf7-form-control-wrap\" data-name=\"your-email\"><input size=\"40\" maxlength=\"400\" class=\"wpcf7-form-control wpcf7-email wpcf7-validates-as-required wpcf7-text wpcf7-validates-as-email\" aria-required=\"true\" aria-invalid=\"false\" placeholder=\"Correo *\" value=\"\" type=\"email\" name=\"your-email\" \/><\/span>\n\t<\/p>\n\t<p><span class=\"wpcf7-form-control-wrap\" data-name=\"tel-936\"><input size=\"40\" maxlength=\"400\" class=\"wpcf7-form-control wpcf7-tel wpcf7-text wpcf7-validates-as-tel\" aria-invalid=\"false\" placeholder=\"TEL\u00c9FONO\" value=\"\" type=\"tel\" name=\"tel-936\" \/><\/span>\n\t<\/p>\n\t<p><span class=\"wpcf7-form-control-wrap\" data-name=\"your-message\"><textarea cols=\"40\" rows=\"10\" maxlength=\"2000\" class=\"wpcf7-form-control wpcf7-textarea\" aria-invalid=\"false\" placeholder=\"Mensaje...\" name=\"your-message\"><\/textarea><\/span>\n\t<\/p>\n\t<p><button type=\"submit\" class=\"octf-btn\">Enviar<\/button>\n\t<\/p>\n<\/div><div class=\"wpcf7-response-output\" aria-hidden=\"true\"><\/div>\n<\/form>\n<\/div>\n<\/div>\n\t\t\t\t\t\t<\/div>\n\t\t\t\t<\/div>\n\t\t\t\t\t<\/div>\n\t\t<\/div>\n\t\t\t\t\t<\/div>\n\t\t<\/section>\n\t\t\t\t<section class=\"elementor-section elementor-top-section elementor-element elementor-element-4430b2b elementor-section-boxed elementor-section-height-default elementor-section-height-default\" data-id=\"4430b2b\" data-element_type=\"section\" data-e-type=\"section\">\n\t\t\t\t\t\t<div class=\"elementor-container elementor-column-gap-default\">\n\t\t\t\t\t<div class=\"elementor-column elementor-col-100 elementor-top-column elementor-element elementor-element-08c4a7b ot-flex-column-vertical\" data-id=\"08c4a7b\" data-element_type=\"column\" data-e-type=\"column\">\n\t\t\t<div class=\"elementor-widget-wrap elementor-element-populated\">\n\t\t\t\t\t\t<div class=\"elementor-element elementor-element-7ccf699 elementor-widget elementor-widget-google_maps\" data-id=\"7ccf699\" data-element_type=\"widget\" data-e-type=\"widget\" data-widget_type=\"google_maps.default\">\n\t\t\t\t<div class=\"elementor-widget-container\">\n\t\t\t\t\t\t\t<div class=\"elementor-custom-embed\">\n\t\t\t<iframe loading=\"lazy\"\n\t\t\t\t\tsrc=\"https:\/\/maps.google.com\/maps?q=08850%20Gav%C3%A0%2C%20Barcelona&#038;t=m&#038;z=12&#038;output=embed&#038;iwloc=near\"\n\t\t\t\t\ttitle=\"08850 Gav\u00e0, Barcelona\"\n\t\t\t\t\taria-label=\"08850 Gav\u00e0, Barcelona\"\n\t\t\t><\/iframe>\n\t\t<\/div>\n\t\t\t\t\t\t<\/div>\n\t\t\t\t<\/div>\n\t\t\t\t\t<\/div>\n\t\t<\/div>\n\t\t\t\t\t<\/div>\n\t\t<\/section>\n\t\t\t\t<\/div>\n\t\t","protected":false},"excerpt":{"rendered":"<p>Contacto [ nuestros datos ] \u00bfIniciamos un proyecto? Ll\u00e1manos o env\u00edanos un correo en cualquier momento. Respondemos a todas las solicitudes en un m\u00e1ximo de 24 horas de lunes a viernes. Esperamos noticias tuyas. Direcci\u00f3n 08850 &#8211; Gav\u00e0 Nuestro Email: administracion@bdbcn2002.com M\u00f3vil: 646 873 187 Twitter Facebook-f Linkedin-in Instagram Cont\u00e1ctanos<\/p>\n","protected":false},"author":1,"featured_media":6180,"parent":0,"menu_order":0,"comment_status":"closed","ping_status":"closed","template":"","meta":{"footnotes":""},"class_list":["post-6757","page","type-page","status-publish","has-post-thumbnail","hentry"],"yoast_head":"<!-- This site is optimized with the Yoast SEO plugin v27.2 - https:\/\/yoast.com\/product\/yoast-seo-wordpress\/ -->\n<title>Contacto - Toldos, P\u00e9rgloas, Parasoles<\/title>\n<meta name=\"description\" content=\"Especialistas en el dise\u00f1o e instalaci\u00f3n de toldos en terrazas, patios o jardines. proporcionando sombra y protecci\u00f3n contra el sol, la lluvia o el viento.\" \/>\n<meta name=\"robots\" content=\"index, follow, max-snippet:-1, max-image-preview:large, max-video-preview:-1\" \/>\n<link rel=\"canonical\" href=\"https:\/\/bdbcn2002.com\/ca\/contacto\/\" \/>\n<meta property=\"og:locale\" content=\"ca_ES\" \/>\n<meta property=\"og:type\" content=\"article\" \/>\n<meta property=\"og:title\" content=\"Contacto - Toldos, P\u00e9rgloas, Parasoles\" \/>\n<meta property=\"og:description\" content=\"Especialistas en el dise\u00f1o e instalaci\u00f3n de toldos en terrazas, patios o jardines. proporcionando sombra y protecci\u00f3n contra el sol, la lluvia o el viento.\" \/>\n<meta property=\"og:url\" content=\"https:\/\/bdbcn2002.com\/ca\/contacto\/\" \/>\n<meta property=\"og:site_name\" content=\"Toldos, P\u00e9rgloas, Parasoles\" \/>\n<meta property=\"article:modified_time\" content=\"2026-03-27T11:15:50+00:00\" \/>\n<meta property=\"og:image\" content=\"https:\/\/bdbcn2002.com\/wp-content\/uploads\/2023\/10\/bdbcn2002-1.png\" \/>\n\t<meta property=\"og:image:width\" content=\"512\" \/>\n\t<meta property=\"og:image:height\" content=\"381\" \/>\n\t<meta property=\"og:image:type\" content=\"image\/png\" \/>\n<meta name=\"twitter:card\" content=\"summary_large_image\" \/>\n<meta name=\"twitter:label1\" content=\"Temps estimat de lectura\" \/>\n\t<meta name=\"twitter:data1\" content=\"1 minut\" \/>\n<script type=\"application\/ld+json\" class=\"yoast-schema-graph\">{\"@context\":\"https:\/\/schema.org\",\"@graph\":[{\"@type\":\"WebPage\",\"@id\":\"https:\/\/bdbcn2002.com\/contacto\/\",\"url\":\"https:\/\/bdbcn2002.com\/contacto\/\",\"name\":\"Contacto - Toldos, P\u00e9rgloas, Parasoles\",\"isPartOf\":{\"@id\":\"https:\/\/bdbcn2002.com\/#website\"},\"primaryImageOfPage\":{\"@id\":\"https:\/\/bdbcn2002.com\/contacto\/#primaryimage\"},\"image\":{\"@id\":\"https:\/\/bdbcn2002.com\/contacto\/#primaryimage\"},\"thumbnailUrl\":\"https:\/\/bdbcn2002.com\/wp-content\/uploads\/2023\/10\/bdbcn2002-1.png\",\"datePublished\":\"2026-03-10T10:01:18+00:00\",\"dateModified\":\"2026-03-27T11:15:50+00:00\",\"description\":\"Especialistas en el dise\u00f1o e instalaci\u00f3n de toldos en terrazas, patios o jardines. proporcionando sombra y protecci\u00f3n contra el sol, la lluvia o el viento.\",\"breadcrumb\":{\"@id\":\"https:\/\/bdbcn2002.com\/contacto\/#breadcrumb\"},\"inLanguage\":\"ca\",\"potentialAction\":[{\"@type\":\"ReadAction\",\"target\":[\"https:\/\/bdbcn2002.com\/contacto\/\"]}]},{\"@type\":\"ImageObject\",\"inLanguage\":\"ca\",\"@id\":\"https:\/\/bdbcn2002.com\/contacto\/#primaryimage\",\"url\":\"https:\/\/bdbcn2002.com\/wp-content\/uploads\/2023\/10\/bdbcn2002-1.png\",\"contentUrl\":\"https:\/\/bdbcn2002.com\/wp-content\/uploads\/2023\/10\/bdbcn2002-1.png\",\"width\":512,\"height\":381},{\"@type\":\"BreadcrumbList\",\"@id\":\"https:\/\/bdbcn2002.com\/contacto\/#breadcrumb\",\"itemListElement\":[{\"@type\":\"ListItem\",\"position\":1,\"name\":\"Portada\",\"item\":\"https:\/\/bdbcn2002.com\/\"},{\"@type\":\"ListItem\",\"position\":2,\"name\":\"Contacto\"}]},{\"@type\":\"WebSite\",\"@id\":\"https:\/\/bdbcn2002.com\/#website\",\"url\":\"https:\/\/bdbcn2002.com\/\",\"name\":\"BDBCN - Proyectos de protecci\u00f3n solar\",\"description\":\"Toldos, P\u00e9rgloas, Parasoles y proyectos  de protecci\u00f3n solar en Barcelona\",\"publisher\":{\"@id\":\"https:\/\/bdbcn2002.com\/#organization\"},\"alternateName\":\"BDBCN\",\"potentialAction\":[{\"@type\":\"SearchAction\",\"target\":{\"@type\":\"EntryPoint\",\"urlTemplate\":\"https:\/\/bdbcn2002.com\/?s={search_term_string}\"},\"query-input\":{\"@type\":\"PropertyValueSpecification\",\"valueRequired\":true,\"valueName\":\"search_term_string\"}}],\"inLanguage\":\"ca\"},{\"@type\":\"Organization\",\"@id\":\"https:\/\/bdbcn2002.com\/#organization\",\"name\":\"BDBCN - Proyectos de protecci\u00f3n solar\",\"url\":\"https:\/\/bdbcn2002.com\/\",\"logo\":{\"@type\":\"ImageObject\",\"inLanguage\":\"ca\",\"@id\":\"https:\/\/bdbcn2002.com\/#\/schema\/logo\/image\/\",\"url\":\"https:\/\/bdbcn2002.com\/wp-content\/uploads\/2023\/06\/Captura.png\",\"contentUrl\":\"https:\/\/bdbcn2002.com\/wp-content\/uploads\/2023\/06\/Captura.png\",\"width\":375,\"height\":410,\"caption\":\"BDBCN - Proyectos de protecci\u00f3n solar\"},\"image\":{\"@id\":\"https:\/\/bdbcn2002.com\/#\/schema\/logo\/image\/\"}}]}<\/script>\n<!-- \/ Yoast SEO plugin. -->","yoast_head_json":{"title":"Contacto - Toldos, P\u00e9rgloas, Parasoles","description":"Especialistas en el dise\u00f1o e instalaci\u00f3n de toldos en terrazas, patios o jardines. proporcionando sombra y protecci\u00f3n contra el sol, la lluvia o el viento.","robots":{"index":"index","follow":"follow","max-snippet":"max-snippet:-1","max-image-preview":"max-image-preview:large","max-video-preview":"max-video-preview:-1"},"canonical":"https:\/\/bdbcn2002.com\/ca\/contacto\/","og_locale":"ca_ES","og_type":"article","og_title":"Contacto - Toldos, P\u00e9rgloas, Parasoles","og_description":"Especialistas en el dise\u00f1o e instalaci\u00f3n de toldos en terrazas, patios o jardines. proporcionando sombra y protecci\u00f3n contra el sol, la lluvia o el viento.","og_url":"https:\/\/bdbcn2002.com\/ca\/contacto\/","og_site_name":"Toldos, P\u00e9rgloas, Parasoles","article_modified_time":"2026-03-27T11:15:50+00:00","og_image":[{"width":512,"height":381,"url":"https:\/\/bdbcn2002.com\/wp-content\/uploads\/2023\/10\/bdbcn2002-1.png","type":"image\/png"}],"twitter_card":"summary_large_image","twitter_misc":{"Temps estimat de lectura":"1 minut"},"schema":{"@context":"https:\/\/schema.org","@graph":[{"@type":"WebPage","@id":"https:\/\/bdbcn2002.com\/contacto\/","url":"https:\/\/bdbcn2002.com\/contacto\/","name":"Contacto - Toldos, P\u00e9rgloas, Parasoles","isPartOf":{"@id":"https:\/\/bdbcn2002.com\/#website"},"primaryImageOfPage":{"@id":"https:\/\/bdbcn2002.com\/contacto\/#primaryimage"},"image":{"@id":"https:\/\/bdbcn2002.com\/contacto\/#primaryimage"},"thumbnailUrl":"https:\/\/bdbcn2002.com\/wp-content\/uploads\/2023\/10\/bdbcn2002-1.png","datePublished":"2026-03-10T10:01:18+00:00","dateModified":"2026-03-27T11:15:50+00:00","description":"Especialistas en el dise\u00f1o e instalaci\u00f3n de toldos en terrazas, patios o jardines. proporcionando sombra y protecci\u00f3n contra el sol, la lluvia o el viento.","breadcrumb":{"@id":"https:\/\/bdbcn2002.com\/contacto\/#breadcrumb"},"inLanguage":"ca","potentialAction":[{"@type":"ReadAction","target":["https:\/\/bdbcn2002.com\/contacto\/"]}]},{"@type":"ImageObject","inLanguage":"ca","@id":"https:\/\/bdbcn2002.com\/contacto\/#primaryimage","url":"https:\/\/bdbcn2002.com\/wp-content\/uploads\/2023\/10\/bdbcn2002-1.png","contentUrl":"https:\/\/bdbcn2002.com\/wp-content\/uploads\/2023\/10\/bdbcn2002-1.png","width":512,"height":381},{"@type":"BreadcrumbList","@id":"https:\/\/bdbcn2002.com\/contacto\/#breadcrumb","itemListElement":[{"@type":"ListItem","position":1,"name":"Portada","item":"https:\/\/bdbcn2002.com\/"},{"@type":"ListItem","position":2,"name":"Contacto"}]},{"@type":"WebSite","@id":"https:\/\/bdbcn2002.com\/#website","url":"https:\/\/bdbcn2002.com\/","name":"BDBCN - Proyectos de protecci\u00f3n solar","description":"Toldos, P\u00e9rgloas, Parasoles y proyectos  de protecci\u00f3n solar en Barcelona","publisher":{"@id":"https:\/\/bdbcn2002.com\/#organization"},"alternateName":"BDBCN","potentialAction":[{"@type":"SearchAction","target":{"@type":"EntryPoint","urlTemplate":"https:\/\/bdbcn2002.com\/?s={search_term_string}"},"query-input":{"@type":"PropertyValueSpecification","valueRequired":true,"valueName":"search_term_string"}}],"inLanguage":"ca"},{"@type":"Organization","@id":"https:\/\/bdbcn2002.com\/#organization","name":"BDBCN - Proyectos de protecci\u00f3n solar","url":"https:\/\/bdbcn2002.com\/","logo":{"@type":"ImageObject","inLanguage":"ca","@id":"https:\/\/bdbcn2002.com\/#\/schema\/logo\/image\/","url":"https:\/\/bdbcn2002.com\/wp-content\/uploads\/2023\/06\/Captura.png","contentUrl":"https:\/\/bdbcn2002.com\/wp-content\/uploads\/2023\/06\/Captura.png","width":375,"height":410,"caption":"BDBCN - Proyectos de protecci\u00f3n solar"},"image":{"@id":"https:\/\/bdbcn2002.com\/#\/schema\/logo\/image\/"}}]}},"_links":{"self":[{"href":"https:\/\/bdbcn2002.com\/ca\/wp-json\/wp\/v2\/pages\/6757","targetHints":{"allow":["GET"]}}],"collection":[{"href":"https:\/\/bdbcn2002.com\/ca\/wp-json\/wp\/v2\/pages"}],"about":[{"href":"https:\/\/bdbcn2002.com\/ca\/wp-json\/wp\/v2\/types\/page"}],"author":[{"embeddable":true,"href":"https:\/\/bdbcn2002.com\/ca\/wp-json\/wp\/v2\/users\/1"}],"replies":[{"embeddable":true,"href":"https:\/\/bdbcn2002.com\/ca\/wp-json\/wp\/v2\/comments?post=6757"}],"version-history":[{"count":29,"href":"https:\/\/bdbcn2002.com\/ca\/wp-json\/wp\/v2\/pages\/6757\/revisions"}],"predecessor-version":[{"id":7423,"href":"https:\/\/bdbcn2002.com\/ca\/wp-json\/wp\/v2\/pages\/6757\/revisions\/7423"}],"wp:featuredmedia":[{"embeddable":true,"href":"https:\/\/bdbcn2002.com\/ca\/wp-json\/wp\/v2\/media\/6180"}],"wp:attachment":[{"href":"https:\/\/bdbcn2002.com\/ca\/wp-json\/wp\/v2\/media?parent=6757"}],"curies":[{"name":"wp","href":"https:\/\/api.w.org\/{rel}","templated":true}]}}